{"id":818,"date":"2020-04-01T16:43:34","date_gmt":"2020-04-01T16:43:34","guid":{"rendered":"https:\/\/visitegilsstadir.is\/?page_id=818"},"modified":"2022-03-30T15:29:30","modified_gmt":"2022-03-30T15:29:30","slug":"hiking-pearls-of-egilsstadir","status":"publish","type":"page","link":"https:\/\/visitegilsstadir.is\/en\/hiking-pearls-of-egilsstadir\/","title":{"rendered":"Hiking pearls of Egilssta\u00f0ir"},"content":{"rendered":"<div id=\"fb-root\"><\/div>\n<p>[et_pb_section fb_built=&#8221;1&#8243; fullwidth=&#8221;on&#8221; _builder_version=&#8221;4.4.0&#8243; custom_padding=&#8221;0px|||||&#8221;][et_pb_fullwidth_header title=&#8221;The TREASURES of Egilssta\u00f0ir Area&#8221; text_orientation=&#8221;center&#8221; _builder_version=&#8221;4.7.7&#8243; title_font=&#8221;|||on|||||&#8221; title_font_size=&#8221;50px&#8221; title_letter_spacing=&#8221;4px&#8221; title_line_height=&#8221;1.2em&#8221; background_image=&#8221;https:\/\/visitegilsstadir.is\/wp-content\/uploads\/2020\/04\/hiking-pearls-2a.jpg&#8221; custom_padding=&#8221;183px||222px|||&#8221; title_font_size_tablet=&#8221;&#8221; title_font_size_phone=&#8221;32px&#8221; title_font_size_last_edited=&#8221;on|phone&#8221;][\/et_pb_fullwidth_header][\/et_pb_section][et_pb_section fb_built=&#8221;1&#8243; _builder_version=&#8221;4.4.0&#8243;][et_pb_row _builder_version=&#8221;4.4.0&#8243;][et_pb_column type=&#8221;4_4&#8243; _builder_version=&#8221;4.4.0&#8243;][et_pb_text _builder_version=&#8221;4.7.7&#8243; header_3_font=&#8221;|||on|on|||#889438|&#8221; header_3_text_color=&#8221;#889438&#8243; hover_enabled=&#8221;0&#8243; sticky_enabled=&#8221;0&#8243;]<\/p>\n<p>&nbsp;<\/p>\n<h2>The Pearls of Flj\u00f3tsdalsh\u00e9ra\u00f0<\/h2>\n<p>The Pearls of Flj\u00f3tsdalsh\u00e9ra\u00f0 is the name chosen for twenty eight carefully selected walking trails and treasured destinations in the municipalities of Flj\u00f3tsdalsh\u00e9ra\u00f0 and Flj\u00f3tsdalshreppur. The premises of the area covers about 10% of Iceland. The destinations for the Pearl hikes vary from those leading to waterfalls, lakes, creeks, canyons, small caves and inlets by the sea side. Yet, most of the trails include mountain tracks and peaks with a great view. The Local Touring Club in Flj\u00f3tsdalsh\u00e9ra\u00f0 has contributed most of the effort and information to this selection of hiking trails.<\/p>\n<p><strong>Hiking lottery<\/strong><br \/> At each destination a tubular container or cylinder holds information on the site, a visitors&#8217; log to sign and a unique stamp made for each location or Pearl. Hikers can buy specially made cards to bring along on their hike and are for stamping at each destination. Those can be bought in numerous places such as at the Information Centre in Egilssta\u00f0ir, at the office of Local Touring Club in Tjarnar\u00e1s 8, 700 Egilsstadir and in the reception office of Austurf\u00f6r by the camping area or from your local tour guide. That is how hikers can document their arrival to the sites, enter a lottery and possibly win rewards. However, one must have stamps from at least nine destinations to enter. Hikers can hand in or send their stamped cards to the office of the Local Touring Club or leave with their tour guides. The draw is in September.<\/p>\n<p><strong>Hiking Trails<\/strong><br \/> The hiking trails offer a great variety in landscape and length. Some take only an hour to hike while other walks take a whole day. Most of them are a fairly easy walks or medium level while in some instances one needs selected equipment for the more difficult walks \u2013 especially in the winter. This booklet contains a description of each trail and an estimated of length and level of difficulty in normal circumstances. The time estimate includes the walk towards each destination and return to starting point. The GPS co-ordinates refer to the location of the cylinder at each destination unless otherwise mentioned.<\/p>\n<p>All visitors of The Pearls of Flj\u00f3tsdalsh\u00e9ra\u00f0 are asked to respect its delicate and precious nature when travelling in the area. According to our legislation on the reservation of nature, all people can travel across and dwell on land untouched by farming or private residence without special permit. Do keep in mind the landowners&#8217; wishes, walk along marked trails and respect farmers right regarding domestic animals and land for harvesting. Do remember to close gates and be careful with fences.<br \/> Do leave information about your planned hike, about your plan B, should problems arise, and about your approximate time of return. Try to get in touch if a change of plan occurs.<\/p>\n<p>We leave each destination as we would like to find them.<br \/> We do not leave or bury trash \u2013 we put it in provided bins or bring it with us to town. Please do not put trash in the cylinders or stamp in the visitors logs.We do not light fires on undergrowth.<br \/> We do not tear up rocks or stones, do not build rock piles.<br \/> We do not spoil water or springs.<br \/> We do not disturb vegetation.<br \/> We do not disturb wildlife.<br \/> We do not spoil the ground.<br \/> We do not disturb the stillness in the wild.<br \/> We do not drive off-road.<br \/> We do follow marked trails.<\/p>\n<p>&nbsp;<\/p>\n<h3><a href=\"https:\/\/issuu.com\/hshelgason\/docs\/perlur_2021_enska_stakar\">Read over the brochure here<\/a><\/h3>\n<p>[\/et_pb_text][et_pb_button button_url=&#8221;https:\/\/visitegilsstadir.is\/en\/things-to-see\/pearls-of-fljotsdalsherad\/&#8221; button_text=&#8221;Read more&#8221; button_alignment=&#8221;center&#8221; _builder_version=&#8221;4.4.0&#8243; custom_button=&#8221;on&#8221; button_bg_color=&#8221;#889438&#8243; button_border_color=&#8221;#889438&#8243; background_layout=&#8221;dark&#8221;][\/et_pb_button][\/et_pb_column][\/et_pb_row][\/et_pb_section][et_pb_section fb_built=&#8221;1&#8243; _builder_version=&#8221;3.29.3&#8243;][et_pb_row _builder_version=&#8221;3.29.3&#8243;][et_pb_column type=&#8221;4_4&#8243; _builder_version=&#8221;3.29.3&#8243;][et_pb_blog fullwidth=&#8221;off&#8221; posts_number=&#8221;30&#8243; include_categories=&#8221;86&#8243; use_manual_excerpt=&#8221;off&#8221; excerpt_length=&#8221;0&#8243; show_more=&#8221;on&#8221; show_author=&#8221;off&#8221; show_date=&#8221;off&#8221; show_categories=&#8221;off&#8221; show_excerpt=&#8221;off&#8221; masonry_tile_background_color=&#8221;rgba(0,0,0,0)&#8221; _builder_version=&#8221;4.4.0&#8243; box_shadow_style=&#8221;preset2&#8243;][\/et_pb_blog][\/et_pb_column][\/et_pb_row][\/et_pb_section]<\/p>\n","protected":false},"excerpt":{"rendered":"<p>&nbsp; The Pearls of Flj\u00f3tsdalsh\u00e9ra\u00f0 The Pearls of Flj\u00f3tsdalsh\u00e9ra\u00f0 is the name chosen for twenty eight carefully selected walking trails and treasured destinations in the municipalities of Flj\u00f3tsdalsh\u00e9ra\u00f0 and Flj\u00f3tsdalshreppur. The premises of the area covers about 10% of Iceland. The destinations for the Pearl hikes vary from those leading to waterfalls, lakes, creeks, canyons, [&hellip;]<\/p>\n","protected":false},"author":3,"featured_media":801,"parent":0,"menu_order":0,"comment_status":"closed","ping_status":"closed","template":"","meta":{"_et_pb_use_builder":"on","_et_pb_old_content":"","_et_gb_content_width":"","footnotes":""},"class_list":["post-818","page","type-page","status-publish","has-post-thumbnail","hentry"],"yoast_head":"<!-- This site is optimized with the Yoast SEO plugin v20.9 - https:\/\/yoast.com\/wordpress\/plugins\/seo\/ -->\n<title>Hiking pearls of Egilssta\u00f0ir - Visitegilsstadir<\/title>\n<meta name=\"robots\" content=\"index, follow, max-snippet:-1, max-image-preview:large, max-video-preview:-1\" \/>\n<link rel=\"canonical\" href=\"https:\/\/visitegilsstadir.is\/en\/hiking-pearls-of-egilsstadir\/\" \/>\n<meta property=\"og:locale\" content=\"en_US\" \/>\n<meta property=\"og:type\" content=\"article\" \/>\n<meta property=\"og:title\" content=\"Hiking pearls of Egilssta\u00f0ir - Visitegilsstadir\" \/>\n<meta property=\"og:description\" content=\"&nbsp; The Pearls of Flj\u00f3tsdalsh\u00e9ra\u00f0 The Pearls of Flj\u00f3tsdalsh\u00e9ra\u00f0 is the name chosen for twenty eight carefully selected walking trails and treasured destinations in the municipalities of Flj\u00f3tsdalsh\u00e9ra\u00f0 and Flj\u00f3tsdalshreppur. The premises of the area covers about 10% of Iceland. The destinations for the Pearl hikes vary from those leading to waterfalls, lakes, creeks, canyons, [&hellip;]\" \/>\n<meta property=\"og:url\" content=\"https:\/\/visitegilsstadir.is\/en\/hiking-pearls-of-egilsstadir\/\" \/>\n<meta property=\"og:site_name\" content=\"Visitegilsstadir\" \/>\n<meta property=\"article:publisher\" content=\"https:\/\/www.facebook.com\/visitegilsstadir\/\" \/>\n<meta property=\"article:modified_time\" content=\"2022-03-30T15:29:30+00:00\" \/>\n<meta property=\"og:image\" content=\"https:\/\/visitegilsstadir.is\/wp-content\/uploads\/2020\/04\/hiking-pearls-2.jpg\" \/>\n\t<meta property=\"og:image:width\" content=\"1280\" \/>\n\t<meta property=\"og:image:height\" content=\"853\" \/>\n\t<meta property=\"og:image:type\" content=\"image\/jpeg\" \/>\n<meta name=\"twitter:card\" content=\"summary_large_image\" \/>\n<meta name=\"twitter:label1\" content=\"Est. reading time\" \/>\n\t<meta name=\"twitter:data1\" content=\"4 minutes\" \/>\n<script type=\"application\/ld+json\" class=\"yoast-schema-graph\">{\"@context\":\"https:\/\/schema.org\",\"@graph\":[{\"@type\":\"WebPage\",\"@id\":\"https:\/\/visitegilsstadir.is\/en\/hiking-pearls-of-egilsstadir\/\",\"url\":\"https:\/\/visitegilsstadir.is\/en\/hiking-pearls-of-egilsstadir\/\",\"name\":\"Hiking pearls of Egilssta\u00f0ir - Visitegilsstadir\",\"isPartOf\":{\"@id\":\"https:\/\/visitegilsstadir.is\/en\/#website\"},\"datePublished\":\"2020-04-01T16:43:34+00:00\",\"dateModified\":\"2022-03-30T15:29:30+00:00\",\"breadcrumb\":{\"@id\":\"https:\/\/visitegilsstadir.is\/en\/hiking-pearls-of-egilsstadir\/#breadcrumb\"},\"inLanguage\":\"en-US\",\"potentialAction\":[{\"@type\":\"ReadAction\",\"target\":[\"https:\/\/visitegilsstadir.is\/en\/hiking-pearls-of-egilsstadir\/\"]}]},{\"@type\":\"BreadcrumbList\",\"@id\":\"https:\/\/visitegilsstadir.is\/en\/hiking-pearls-of-egilsstadir\/#breadcrumb\",\"itemListElement\":[{\"@type\":\"ListItem\",\"position\":1,\"name\":\"Home\",\"item\":\"https:\/\/visitegilsstadir.is\/en\/\"},{\"@type\":\"ListItem\",\"position\":2,\"name\":\"Hiking pearls of Egilssta\u00f0ir\"}]},{\"@type\":\"WebSite\",\"@id\":\"https:\/\/visitegilsstadir.is\/en\/#website\",\"url\":\"https:\/\/visitegilsstadir.is\/en\/\",\"name\":\"Visitegilsstadir\",\"description\":\"Veri\u00f0 velkomin \u00e1 Flj\u00f3tsdalsh\u00e9ra\u00f0. \u00c1 \u00feessari heimas\u00ed\u00f0u finnur \u00fe\u00fa uppl\u00fdsingar um af\u00fereyingu, \u00e1hugaver\u00f0a sta\u00f0i, vi\u00f0bur\u00f0i, verslun og \u00fej\u00f3nustu \u00e1 sv\u00e6\u00f0inu\",\"publisher\":{\"@id\":\"https:\/\/visitegilsstadir.is\/en\/#organization\"},\"potentialAction\":[{\"@type\":\"SearchAction\",\"target\":{\"@type\":\"EntryPoint\",\"urlTemplate\":\"https:\/\/visitegilsstadir.is\/en\/?s={search_term_string}\"},\"query-input\":\"required name=search_term_string\"}],\"inLanguage\":\"en-US\"},{\"@type\":\"Organization\",\"@id\":\"https:\/\/visitegilsstadir.is\/en\/#organization\",\"name\":\"Visitegilsstadir\",\"url\":\"https:\/\/visitegilsstadir.is\/en\/\",\"logo\":{\"@type\":\"ImageObject\",\"inLanguage\":\"en-US\",\"@id\":\"https:\/\/visitegilsstadir.is\/en\/#\/schema\/logo\/image\/\",\"url\":\"https:\/\/visitegilsstadir.is\/wp-content\/uploads\/2020\/04\/VisitEgs_logo_hvitt-002.png\",\"contentUrl\":\"https:\/\/visitegilsstadir.is\/wp-content\/uploads\/2020\/04\/VisitEgs_logo_hvitt-002.png\",\"width\":2983,\"height\":1834,\"caption\":\"Visitegilsstadir\"},\"image\":{\"@id\":\"https:\/\/visitegilsstadir.is\/en\/#\/schema\/logo\/image\/\"},\"sameAs\":[\"https:\/\/www.facebook.com\/visitegilsstadir\/\",\"https:\/\/www.instagram.com\/visitegilsstadir\/\"]}]}<\/script>\n<!-- \/ Yoast SEO plugin. -->","yoast_head_json":{"title":"Hiking pearls of Egilssta\u00f0ir - Visitegilsstadir","robots":{"index":"index","follow":"follow","max-snippet":"max-snippet:-1","max-image-preview":"max-image-preview:large","max-video-preview":"max-video-preview:-1"},"canonical":"https:\/\/visitegilsstadir.is\/en\/hiking-pearls-of-egilsstadir\/","og_locale":"en_US","og_type":"article","og_title":"Hiking pearls of Egilssta\u00f0ir - Visitegilsstadir","og_description":"&nbsp; The Pearls of Flj\u00f3tsdalsh\u00e9ra\u00f0 The Pearls of Flj\u00f3tsdalsh\u00e9ra\u00f0 is the name chosen for twenty eight carefully selected walking trails and treasured destinations in the municipalities of Flj\u00f3tsdalsh\u00e9ra\u00f0 and Flj\u00f3tsdalshreppur. The premises of the area covers about 10% of Iceland. The destinations for the Pearl hikes vary from those leading to waterfalls, lakes, creeks, canyons, [&hellip;]","og_url":"https:\/\/visitegilsstadir.is\/en\/hiking-pearls-of-egilsstadir\/","og_site_name":"Visitegilsstadir","article_publisher":"https:\/\/www.facebook.com\/visitegilsstadir\/","article_modified_time":"2022-03-30T15:29:30+00:00","og_image":[{"width":1280,"height":853,"url":"https:\/\/visitegilsstadir.is\/wp-content\/uploads\/2020\/04\/hiking-pearls-2.jpg","type":"image\/jpeg"}],"twitter_card":"summary_large_image","twitter_misc":{"Est. reading time":"4 minutes"},"schema":{"@context":"https:\/\/schema.org","@graph":[{"@type":"WebPage","@id":"https:\/\/visitegilsstadir.is\/en\/hiking-pearls-of-egilsstadir\/","url":"https:\/\/visitegilsstadir.is\/en\/hiking-pearls-of-egilsstadir\/","name":"Hiking pearls of Egilssta\u00f0ir - Visitegilsstadir","isPartOf":{"@id":"https:\/\/visitegilsstadir.is\/en\/#website"},"datePublished":"2020-04-01T16:43:34+00:00","dateModified":"2022-03-30T15:29:30+00:00","breadcrumb":{"@id":"https:\/\/visitegilsstadir.is\/en\/hiking-pearls-of-egilsstadir\/#breadcrumb"},"inLanguage":"en-US","potentialAction":[{"@type":"ReadAction","target":["https:\/\/visitegilsstadir.is\/en\/hiking-pearls-of-egilsstadir\/"]}]},{"@type":"BreadcrumbList","@id":"https:\/\/visitegilsstadir.is\/en\/hiking-pearls-of-egilsstadir\/#breadcrumb","itemListElement":[{"@type":"ListItem","position":1,"name":"Home","item":"https:\/\/visitegilsstadir.is\/en\/"},{"@type":"ListItem","position":2,"name":"Hiking pearls of Egilssta\u00f0ir"}]},{"@type":"WebSite","@id":"https:\/\/visitegilsstadir.is\/en\/#website","url":"https:\/\/visitegilsstadir.is\/en\/","name":"Visitegilsstadir","description":"Veri\u00f0 velkomin \u00e1 Flj\u00f3tsdalsh\u00e9ra\u00f0. \u00c1 \u00feessari heimas\u00ed\u00f0u finnur \u00fe\u00fa uppl\u00fdsingar um af\u00fereyingu, \u00e1hugaver\u00f0a sta\u00f0i, vi\u00f0bur\u00f0i, verslun og \u00fej\u00f3nustu \u00e1 sv\u00e6\u00f0inu","publisher":{"@id":"https:\/\/visitegilsstadir.is\/en\/#organization"},"potentialAction":[{"@type":"SearchAction","target":{"@type":"EntryPoint","urlTemplate":"https:\/\/visitegilsstadir.is\/en\/?s={search_term_string}"},"query-input":"required name=search_term_string"}],"inLanguage":"en-US"},{"@type":"Organization","@id":"https:\/\/visitegilsstadir.is\/en\/#organization","name":"Visitegilsstadir","url":"https:\/\/visitegilsstadir.is\/en\/","logo":{"@type":"ImageObject","inLanguage":"en-US","@id":"https:\/\/visitegilsstadir.is\/en\/#\/schema\/logo\/image\/","url":"https:\/\/visitegilsstadir.is\/wp-content\/uploads\/2020\/04\/VisitEgs_logo_hvitt-002.png","contentUrl":"https:\/\/visitegilsstadir.is\/wp-content\/uploads\/2020\/04\/VisitEgs_logo_hvitt-002.png","width":2983,"height":1834,"caption":"Visitegilsstadir"},"image":{"@id":"https:\/\/visitegilsstadir.is\/en\/#\/schema\/logo\/image\/"},"sameAs":["https:\/\/www.facebook.com\/visitegilsstadir\/","https:\/\/www.instagram.com\/visitegilsstadir\/"]}]}},"_links":{"self":[{"href":"https:\/\/visitegilsstadir.is\/en\/wp-json\/wp\/v2\/pages\/818","targetHints":{"allow":["GET"]}}],"collection":[{"href":"https:\/\/visitegilsstadir.is\/en\/wp-json\/wp\/v2\/pages"}],"about":[{"href":"https:\/\/visitegilsstadir.is\/en\/wp-json\/wp\/v2\/types\/page"}],"author":[{"embeddable":true,"href":"https:\/\/visitegilsstadir.is\/en\/wp-json\/wp\/v2\/users\/3"}],"replies":[{"embeddable":true,"href":"https:\/\/visitegilsstadir.is\/en\/wp-json\/wp\/v2\/comments?post=818"}],"version-history":[{"count":21,"href":"https:\/\/visitegilsstadir.is\/en\/wp-json\/wp\/v2\/pages\/818\/revisions"}],"predecessor-version":[{"id":211110,"href":"https:\/\/visitegilsstadir.is\/en\/wp-json\/wp\/v2\/pages\/818\/revisions\/211110"}],"wp:featuredmedia":[{"embeddable":true,"href":"https:\/\/visitegilsstadir.is\/en\/wp-json\/wp\/v2\/media\/801"}],"wp:attachment":[{"href":"https:\/\/visitegilsstadir.is\/en\/wp-json\/wp\/v2\/media?parent=818"}],"curies":[{"name":"wp","href":"https:\/\/api.w.org\/{rel}","templated":true}]}}