{"id":64,"date":"2019-10-17T15:27:45","date_gmt":"2019-10-17T15:27:45","guid":{"rendered":"https:\/\/visitegilsstadir.is\/?page_id=64"},"modified":"2020-06-13T09:03:08","modified_gmt":"2020-06-13T09:03:08","slug":"what-to-see-and-do","status":"publish","type":"page","link":"https:\/\/visitegilsstadir.is\/en\/what-to-see-and-do\/","title":{"rendered":"What to see and do"},"content":{"rendered":"<div id=\"fb-root\"><\/div>\n<p>[et_pb_section fb_built=&#8221;1&#8243; fullwidth=&#8221;on&#8221; _builder_version=&#8221;4.4.0&#8243; custom_padding=&#8221;0px|||||&#8221;][et_pb_fullwidth_header title=&#8221;WHAT TO SEE AND DO&#8221; text_orientation=&#8221;center&#8221; _builder_version=&#8221;4.4.0&#8243; title_font_size=&#8221;50px&#8221; title_letter_spacing=&#8221;5px&#8221; title_line_height=&#8221;1.2em&#8221; background_image=&#8221;https:\/\/visitegilsstadir.is\/wp-content\/uploads\/2020\/03\/storurd1a.jpg&#8221; custom_padding=&#8221;183px||222px|||&#8221; hover_enabled=&#8221;0&#8243; title_font_size_last_edited=&#8221;on|phone&#8221; title_font_size_tablet=&#8221;45px&#8221; title_font_size_phone=&#8221;40px&#8221;][\/et_pb_fullwidth_header][\/et_pb_section][et_pb_section fb_built=&#8221;1&#8243; _builder_version=&#8221;3.29.3&#8243;][et_pb_row _builder_version=&#8221;3.29.3&#8243;][et_pb_column type=&#8221;4_4&#8243; _builder_version=&#8221;3.29.3&#8243;][et_pb_blog fullwidth=&#8221;off&#8221; posts_number=&#8221;80&#8243; include_categories=&#8221;3&#8243; use_manual_excerpt=&#8221;off&#8221; excerpt_length=&#8221;0&#8243; show_more=&#8221;on&#8221; show_author=&#8221;off&#8221; show_date=&#8221;off&#8221; show_categories=&#8221;off&#8221; show_excerpt=&#8221;off&#8221; masonry_tile_background_color=&#8221;rgba(0,0,0,0)&#8221; _builder_version=&#8221;4.4.0&#8243; box_shadow_style=&#8221;preset2&#8243;][\/et_pb_blog][\/et_pb_column][\/et_pb_row][\/et_pb_section]<\/p>\n","protected":false},"excerpt":{"rendered":"","protected":false},"author":3,"featured_media":225,"parent":0,"menu_order":0,"comment_status":"closed","ping_status":"closed","template":"","meta":{"_et_pb_use_builder":"on","_et_pb_old_content":"","_et_gb_content_width":"","footnotes":""},"class_list":["post-64","page","type-page","status-publish","has-post-thumbnail","hentry"],"yoast_head":"<!-- This site is optimized with the Yoast SEO plugin v20.9 - https:\/\/yoast.com\/wordpress\/plugins\/seo\/ -->\n<title>What to see and do - Visitegilsstadir<\/title>\n<meta name=\"robots\" content=\"index, follow, max-snippet:-1, max-image-preview:large, max-video-preview:-1\" \/>\n<link rel=\"canonical\" href=\"https:\/\/visitegilsstadir.is\/en\/what-to-see-and-do\/\" \/>\n<meta property=\"og:locale\" content=\"en_US\" \/>\n<meta property=\"og:type\" content=\"article\" \/>\n<meta property=\"og:title\" content=\"What to see and do - Visitegilsstadir\" \/>\n<meta property=\"og:url\" content=\"https:\/\/visitegilsstadir.is\/en\/what-to-see-and-do\/\" \/>\n<meta property=\"og:site_name\" content=\"Visitegilsstadir\" \/>\n<meta property=\"article:publisher\" content=\"https:\/\/www.facebook.com\/visitegilsstadir\/\" \/>\n<meta property=\"article:modified_time\" content=\"2020-06-13T09:03:08+00:00\" \/>\n<meta property=\"og:image\" content=\"https:\/\/visitegilsstadir.is\/wp-content\/uploads\/2019\/10\/vok-baths-201915.jpeg\" \/>\n\t<meta property=\"og:image:width\" content=\"1716\" \/>\n\t<meta property=\"og:image:height\" content=\"1287\" \/>\n\t<meta property=\"og:image:type\" content=\"image\/jpeg\" \/>\n<meta name=\"twitter:card\" content=\"summary_large_image\" \/>\n<meta name=\"twitter:label1\" content=\"Est. reading time\" \/>\n\t<meta name=\"twitter:data1\" content=\"1 minute\" \/>\n<script type=\"application\/ld+json\" class=\"yoast-schema-graph\">{\"@context\":\"https:\/\/schema.org\",\"@graph\":[{\"@type\":\"WebPage\",\"@id\":\"https:\/\/visitegilsstadir.is\/en\/what-to-see-and-do\/\",\"url\":\"https:\/\/visitegilsstadir.is\/en\/what-to-see-and-do\/\",\"name\":\"What to see and do - Visitegilsstadir\",\"isPartOf\":{\"@id\":\"https:\/\/visitegilsstadir.is\/en\/#website\"},\"datePublished\":\"2019-10-17T15:27:45+00:00\",\"dateModified\":\"2020-06-13T09:03:08+00:00\",\"breadcrumb\":{\"@id\":\"https:\/\/visitegilsstadir.is\/en\/what-to-see-and-do\/#breadcrumb\"},\"inLanguage\":\"en-US\",\"potentialAction\":[{\"@type\":\"ReadAction\",\"target\":[\"https:\/\/visitegilsstadir.is\/en\/what-to-see-and-do\/\"]}]},{\"@type\":\"BreadcrumbList\",\"@id\":\"https:\/\/visitegilsstadir.is\/en\/what-to-see-and-do\/#breadcrumb\",\"itemListElement\":[{\"@type\":\"ListItem\",\"position\":1,\"name\":\"Home\",\"item\":\"https:\/\/visitegilsstadir.is\/en\/\"},{\"@type\":\"ListItem\",\"position\":2,\"name\":\"What to see and do\"}]},{\"@type\":\"WebSite\",\"@id\":\"https:\/\/visitegilsstadir.is\/en\/#website\",\"url\":\"https:\/\/visitegilsstadir.is\/en\/\",\"name\":\"Visitegilsstadir\",\"description\":\"Veri\u00f0 velkomin \u00e1 Flj\u00f3tsdalsh\u00e9ra\u00f0. \u00c1 \u00feessari heimas\u00ed\u00f0u finnur \u00fe\u00fa uppl\u00fdsingar um af\u00fereyingu, \u00e1hugaver\u00f0a sta\u00f0i, vi\u00f0bur\u00f0i, verslun og \u00fej\u00f3nustu \u00e1 sv\u00e6\u00f0inu\",\"publisher\":{\"@id\":\"https:\/\/visitegilsstadir.is\/en\/#organization\"},\"potentialAction\":[{\"@type\":\"SearchAction\",\"target\":{\"@type\":\"EntryPoint\",\"urlTemplate\":\"https:\/\/visitegilsstadir.is\/en\/?s={search_term_string}\"},\"query-input\":\"required name=search_term_string\"}],\"inLanguage\":\"en-US\"},{\"@type\":\"Organization\",\"@id\":\"https:\/\/visitegilsstadir.is\/en\/#organization\",\"name\":\"Visitegilsstadir\",\"url\":\"https:\/\/visitegilsstadir.is\/en\/\",\"logo\":{\"@type\":\"ImageObject\",\"inLanguage\":\"en-US\",\"@id\":\"https:\/\/visitegilsstadir.is\/en\/#\/schema\/logo\/image\/\",\"url\":\"https:\/\/visitegilsstadir.is\/wp-content\/uploads\/2020\/04\/VisitEgs_logo_hvitt-002.png\",\"contentUrl\":\"https:\/\/visitegilsstadir.is\/wp-content\/uploads\/2020\/04\/VisitEgs_logo_hvitt-002.png\",\"width\":2983,\"height\":1834,\"caption\":\"Visitegilsstadir\"},\"image\":{\"@id\":\"https:\/\/visitegilsstadir.is\/en\/#\/schema\/logo\/image\/\"},\"sameAs\":[\"https:\/\/www.facebook.com\/visitegilsstadir\/\",\"https:\/\/www.instagram.com\/visitegilsstadir\/\"]}]}<\/script>\n<!-- \/ Yoast SEO plugin. -->","yoast_head_json":{"title":"What to see and do - Visitegilsstadir","robots":{"index":"index","follow":"follow","max-snippet":"max-snippet:-1","max-image-preview":"max-image-preview:large","max-video-preview":"max-video-preview:-1"},"canonical":"https:\/\/visitegilsstadir.is\/en\/what-to-see-and-do\/","og_locale":"en_US","og_type":"article","og_title":"What to see and do - Visitegilsstadir","og_url":"https:\/\/visitegilsstadir.is\/en\/what-to-see-and-do\/","og_site_name":"Visitegilsstadir","article_publisher":"https:\/\/www.facebook.com\/visitegilsstadir\/","article_modified_time":"2020-06-13T09:03:08+00:00","og_image":[{"width":1716,"height":1287,"url":"https:\/\/visitegilsstadir.is\/wp-content\/uploads\/2019\/10\/vok-baths-201915.jpeg","type":"image\/jpeg"}],"twitter_card":"summary_large_image","twitter_misc":{"Est. reading time":"1 minute"},"schema":{"@context":"https:\/\/schema.org","@graph":[{"@type":"WebPage","@id":"https:\/\/visitegilsstadir.is\/en\/what-to-see-and-do\/","url":"https:\/\/visitegilsstadir.is\/en\/what-to-see-and-do\/","name":"What to see and do - Visitegilsstadir","isPartOf":{"@id":"https:\/\/visitegilsstadir.is\/en\/#website"},"datePublished":"2019-10-17T15:27:45+00:00","dateModified":"2020-06-13T09:03:08+00:00","breadcrumb":{"@id":"https:\/\/visitegilsstadir.is\/en\/what-to-see-and-do\/#breadcrumb"},"inLanguage":"en-US","potentialAction":[{"@type":"ReadAction","target":["https:\/\/visitegilsstadir.is\/en\/what-to-see-and-do\/"]}]},{"@type":"BreadcrumbList","@id":"https:\/\/visitegilsstadir.is\/en\/what-to-see-and-do\/#breadcrumb","itemListElement":[{"@type":"ListItem","position":1,"name":"Home","item":"https:\/\/visitegilsstadir.is\/en\/"},{"@type":"ListItem","position":2,"name":"What to see and do"}]},{"@type":"WebSite","@id":"https:\/\/visitegilsstadir.is\/en\/#website","url":"https:\/\/visitegilsstadir.is\/en\/","name":"Visitegilsstadir","description":"Veri\u00f0 velkomin \u00e1 Flj\u00f3tsdalsh\u00e9ra\u00f0. \u00c1 \u00feessari heimas\u00ed\u00f0u finnur \u00fe\u00fa uppl\u00fdsingar um af\u00fereyingu, \u00e1hugaver\u00f0a sta\u00f0i, vi\u00f0bur\u00f0i, verslun og \u00fej\u00f3nustu \u00e1 sv\u00e6\u00f0inu","publisher":{"@id":"https:\/\/visitegilsstadir.is\/en\/#organization"},"potentialAction":[{"@type":"SearchAction","target":{"@type":"EntryPoint","urlTemplate":"https:\/\/visitegilsstadir.is\/en\/?s={search_term_string}"},"query-input":"required name=search_term_string"}],"inLanguage":"en-US"},{"@type":"Organization","@id":"https:\/\/visitegilsstadir.is\/en\/#organization","name":"Visitegilsstadir","url":"https:\/\/visitegilsstadir.is\/en\/","logo":{"@type":"ImageObject","inLanguage":"en-US","@id":"https:\/\/visitegilsstadir.is\/en\/#\/schema\/logo\/image\/","url":"https:\/\/visitegilsstadir.is\/wp-content\/uploads\/2020\/04\/VisitEgs_logo_hvitt-002.png","contentUrl":"https:\/\/visitegilsstadir.is\/wp-content\/uploads\/2020\/04\/VisitEgs_logo_hvitt-002.png","width":2983,"height":1834,"caption":"Visitegilsstadir"},"image":{"@id":"https:\/\/visitegilsstadir.is\/en\/#\/schema\/logo\/image\/"},"sameAs":["https:\/\/www.facebook.com\/visitegilsstadir\/","https:\/\/www.instagram.com\/visitegilsstadir\/"]}]}},"_links":{"self":[{"href":"https:\/\/visitegilsstadir.is\/en\/wp-json\/wp\/v2\/pages\/64","targetHints":{"allow":["GET"]}}],"collection":[{"href":"https:\/\/visitegilsstadir.is\/en\/wp-json\/wp\/v2\/pages"}],"about":[{"href":"https:\/\/visitegilsstadir.is\/en\/wp-json\/wp\/v2\/types\/page"}],"author":[{"embeddable":true,"href":"https:\/\/visitegilsstadir.is\/en\/wp-json\/wp\/v2\/users\/3"}],"replies":[{"embeddable":true,"href":"https:\/\/visitegilsstadir.is\/en\/wp-json\/wp\/v2\/comments?post=64"}],"version-history":[{"count":12,"href":"https:\/\/visitegilsstadir.is\/en\/wp-json\/wp\/v2\/pages\/64\/revisions"}],"predecessor-version":[{"id":4929,"href":"https:\/\/visitegilsstadir.is\/en\/wp-json\/wp\/v2\/pages\/64\/revisions\/4929"}],"wp:featuredmedia":[{"embeddable":true,"href":"https:\/\/visitegilsstadir.is\/en\/wp-json\/wp\/v2\/media\/225"}],"wp:attachment":[{"href":"https:\/\/visitegilsstadir.is\/en\/wp-json\/wp\/v2\/media?parent=64"}],"curies":[{"name":"wp","href":"https:\/\/api.w.org\/{rel}","templated":true}]}}