{"id":6338,"date":"2022-02-24T17:42:56","date_gmt":"2022-02-24T17:42:56","guid":{"rendered":"https:\/\/visitegilsstadir.is\/?page_id=6338"},"modified":"2022-04-06T12:30:42","modified_gmt":"2022-04-06T12:30:42","slug":"faq","status":"publish","type":"page","link":"https:\/\/visitegilsstadir.is\/en\/faq\/","title":{"rendered":"FAQ"},"content":{"rendered":"<div id=\"fb-root\"><\/div>\n<p>[et_pb_section fb_built=&#8221;1&#8243; admin_label=&#8221;section&#8221; _builder_version=&#8221;3.22&#8243;][et_pb_row admin_label=&#8221;row&#8221; _builder_version=&#8221;3.25&#8243; background_size=&#8221;initial&#8221; background_position=&#8221;top_left&#8221; background_repeat=&#8221;repeat&#8221;][et_pb_column type=&#8221;4_4&#8243; _builder_version=&#8221;3.25&#8243; custom_padding=&#8221;|||&#8221; custom_padding__hover=&#8221;|||&#8221;][et_pb_text _builder_version=&#8221;4.7.7&#8243; _module_preset=&#8221;default&#8221;]<\/p>\n<h1>Frequently asked questions\u00a0about Egilsstadir area<\/h1>\n<p>[\/et_pb_text][et_pb_accordion use_icon_font_size=&#8221;on&#8221; icon_font_size=&#8221;24px&#8221; _builder_version=&#8221;4.7.7&#8243; _module_preset=&#8221;default&#8221; hover_enabled=&#8221;0&#8243; sticky_enabled=&#8221;0&#8243;][et_pb_accordion_item title=&#8221;What to see and do when I am in Egilsstadir?&#8221; open=&#8221;on&#8221; use_icon_font_size=&#8221;on&#8221; _builder_version=&#8221;4.7.7&#8243; _module_preset=&#8221;default&#8221; hover_enabled=&#8221;0&#8243; sticky_enabled=&#8221;0&#8243;]<\/p>\n<p>There are plenty of amazing activities around Egilsstadir you can do. We highly recommend you to visit: Hengifoss waterfall, Fardagafoss waterfall, Studlagil canyon, Hallormstadaskogur, <span>Sey\u00f0isfj\u00f6r\u00f0ur town,\u00a0<\/span>Puffins in Borgarfjordur Eystri (from late April to August)<a href=\"https:\/\/hengifoss.is\/en\/\">\u00a0<\/a><\/p>\n<p><a href=\"https:\/\/hengifoss.is\/en\/\">https:\/\/hengifoss.is\/en\/<\/a><\/p>\n<p><a href=\"https:\/\/studlagil.is\/studlagil-canyon\/\">https:\/\/studlagil.is\/studlagil-canyon\/<\/a><\/p>\n<p><a href=\"https:\/\/visitseydisfjordur.com\/\">https:\/\/visitseydisfjordur.com\/<\/a><\/p>\n<p><a href=\"https:\/\/www.borgarfjordureystri.is\/en\/aboutborgarfjordur\">https:\/\/www.borgarfjordureystri.is\/en\/aboutborgarfjordur<\/a><\/p>\n<p><a href=\"https:\/\/visitseydisfjordur.com\/\">https:\/\/visitseydisfjordur.com\/<\/a>\u00a0<\/p>\n<p>For more ideas what to see and do in Egilsstadir check the link to our blog about the best 11 things you can do when you are staying in Egilsstadir.<\/p>\n<p><a href=\"https:\/\/visitegilsstadir.is\/en\/things-to-see\/11-top-things-to-see-around-egilsstadir\/\">11 Top things to see around Egilsstadir<\/a><\/p>\n<p>[\/et_pb_accordion_item][et_pb_accordion_item title=&#8221;Is there any good restaurant in Egilsstadir?&#8221; _builder_version=&#8221;4.7.7&#8243; _module_preset=&#8221;default&#8221; open=&#8221;off&#8221;]<\/p>\n<p>We have many very good restaurants in the town.<\/p>\n<p> <a href=\"https:\/\/visitegilsstadir.is\/en\/wine-and-dine\/\">For more information about the restaurants in Egilsstadir please check our website <\/a><\/p>\n<p>[\/et_pb_accordion_item][et_pb_accordion_item title=&#8221; Are there any good hotels or guesthouses in the town?&#8221; _builder_version=&#8221;4.7.7&#8243; _module_preset=&#8221;default&#8221; open=&#8221;off&#8221;]We have a lot of good hotels and guesthouses in Egilsstadir. If you are looking for 3-4 star hotels, we would recommend to book at Icelandair hotel Herad, hotel Lake Egilsstadir (which also has a great spa) or hotel Valaskj\u00e1lf.<br \/>\nWe also have some very nice guesthouses in the town. Lyngas or Vinland guesthouses are the ones closest to the center of the town.<br \/>\n<a href=\"https:\/\/visitegilsstadir.is\/en\/accommodation\/\">For more information about the accomodation please check our website<\/a><br \/>\n[\/et_pb_accordion_item][et_pb_accordion_item title=&#8221;Are there any campsites in Egilsstadir?&#8221; _builder_version=&#8221;4.7.7&#8243; _module_preset=&#8221;default&#8221; open=&#8221;off&#8221;]We have 2 campsites in Egilsstadir:<br \/>\nCamp Egilsstadir is well situated in Egilssta\u00f0ir\u2018 town and is open 24\/7, all year around. You can book and pay online:<a href=\"https:\/\/campegilsstadir.is\/\"> https:\/\/campegilsstadir.is\/<\/a><br \/>\nSkipal\u00e6kur is a campground on the the other side of the Lake from Egilssta\u00f0ir and is open from May-September<a href=\"https:\/\/www.skipalaekur.is\/control2.php\"> https:\/\/www.skipalaekur.is\/control2.php<\/a><br \/>\n[\/et_pb_accordion_item][et_pb_accordion_item title=&#8221;Is there a laundromat in Egilsstadir?&#8221; _builder_version=&#8221;4.7.7&#8243; _module_preset=&#8221;default&#8221; open=&#8221;off&#8221;]<\/p>\n<p>Yes, at Camp Egilsstadir inside the main building, which is open 24\/7 all year round, there are washing machines and dryers available. You will need 8 x 100 coins for it but you will find detergent on the spot included in the price.<\/p>\n<p><a href=\"https:\/\/campegilsstadir.is\/facilities\/\">Facilities &#8211; campegilsstadir.is<\/a><\/p>\n<p>[\/et_pb_accordion_item][et_pb_accordion_item title=&#8221;Is there a bicycle rental service in Egilssta\u00f0ir? &#8221; _builder_version=&#8221;4.7.7&#8243; _module_preset=&#8221;default&#8221; open=&#8221;off&#8221;]<\/p>\n<p><span>There are bikes for rent at Camp Egilssta\u00f0ir in the Center of Egilssta\u00f0ir. Please be aware the bikes are touring bikes for easy rides in the country side and not for more advanced mountain bike trips.<\/span><\/p>\n<p><a href=\"https:\/\/campegilsstadir.is\/facilities\/\">campegilsstadir.is\/facilities<\/a><\/p>\n<p>[\/et_pb_accordion_item][et_pb_accordion_item title=&#8221;Are there any grocery stores in Egilsstadir?&#8221; _builder_version=&#8221;4.7.7&#8243; _module_preset=&#8221;default&#8221; open=&#8221;off&#8221;]Yes, we have two supermarkets (Nett\u00f3 and B\u00f3nus) which are easily found in the center of the town. The opening hours you can find on <a href=\"https:\/\/bonus.is\/opnunartimar\/\">https:\/\/bonus.is\/opnunartimar\/<\/a> and <a href=\"https:\/\/netto.is\/verslun\/egilsstadir\/\">https:\/\/netto.is\/verslun\/egilsstadir\/<\/a><br \/>\nIf you would like to buy some local products dont hesitate to visit Hus Handanna in the center of the town <a href=\"https:\/\/business.facebook.com\/hushandanna\/\">https:\/\/business.facebook.com\/hushandanna\/<\/a><br \/>\n[\/et_pb_accordion_item][et_pb_accordion_item title=&#8221;Are there any good hiking trails around the town?&#8221; _builder_version=&#8221;4.7.7&#8243; _module_preset=&#8221;default&#8221; open=&#8221;off&#8221;]<\/p>\n<p>There are plenty of hiking trails around the town. Most of them are best accessible during the summer. We could recommend to hike to for instance Hengifoss waterfall, Fardagafoss, Studlagil canyon, Storud, Stapavik or Strutsfoss. <a href=\"https:\/\/visitegilsstadir.is\/en\/hiking-pearls-of-egilsstadir\/\">For more information about the most beautiful hikig trails please visit our website.\u00a0<\/a><\/p>\n<p>[\/et_pb_accordion_item][et_pb_accordion_item title=&#8221;Can I ski close to Egilsstadir?&#8221; _builder_version=&#8221;4.7.7&#8243; _module_preset=&#8221;default&#8221; open=&#8221;off&#8221;]<\/p>\n<p>Stafdalur ski area on Fjardarheidi heath is only 17 km away from Egilssta\u00f0ir and it offers plenty of variety for skiers and has a 1.000 m ski lift as well as a lift for children. The skiing area is open when weather and snow conditions allow. It offers ski,- and snowboard rental.\u00a0<a href=\"https:\/\/www.stafdalur.is\/\">Heim (stafdalur.is)<\/a><br \/> About 50km from Egilsstadir, in the mountains above the town of Eskifjor\u00f0ur a larger ski-area can enjoyed. Oddskar\u00f0urhas an elevation of 327m with 3 ski-lifts that take you to 9km of ski-pistes. It offers ski,- and snowboard rental.\u00a0<a href=\"https:\/\/en.visitfjardabyggd.is\/things-to-do\/places-of-interest\/details\/Oddsskard-Ski-Resort0\">Oddsskard-Ski-Resort\u00a0<\/a><br \/> Not sure you if you want or can alpine-ski or afraid of heights? There are many cross-country ski tracks in the area. For instance Selskogar, Fjardarheidi and Stafdalur. You can rent cross-country ski&#8217;s at the Lake Hotel in Egilssta\u00f0ir and in Stafdalur ski resort.\u00a0<a href=\"https:\/\/www.facebook.com\/groups\/3326060290743230\">Egilssta\u00f0aspori\u00f0 | Facebook<\/a><\/p>\n<p>&nbsp;<\/p>\n<p>[\/et_pb_accordion_item][et_pb_accordion_item title=&#8221;Is there an airport close to Egilsstadir?&#8221; _builder_version=&#8221;4.7.7&#8243; _module_preset=&#8221;default&#8221; open=&#8221;off&#8221;]<\/p>\n<p>Yes, we have an airport in Egilsstadir. Egilssta\u00f0ir Airport is a single-runway international airport about 1km from the town. The main carrier is Icelandair which offers direct flights to and from Reykjav\u00edk. Flighttime is about 50 minutes from Reykjav\u00edk to Egilssta\u00f0ir. The airport has several car rental agencies available such as Europcar, Avis and Hertz.<\/p>\n<p><a href=\"https:\/\/www.isavia.is\/en\/egilsstadir-airport?msclkid=ccc2fffab01d11ecb5873943877159cb\">Egilssta\u00f0ir Airport (isavia.is)<\/a><\/p>\n<p>[\/et_pb_accordion_item][et_pb_accordion_item title=&#8221;Can I see Northern Lights in Egilsstadir?&#8221; _builder_version=&#8221;4.7.7&#8243; _module_preset=&#8221;default&#8221; open=&#8221;off&#8221;]Northern Lights are visible for about eight months a year, from early September to the middle of April. In any of these months, you are likely to see some aurora activity\u2014it just depends on your luck, the weather, and solar activity.<\/p>\n<p>The best locations to see the Northern Lights are the places just outside the city.<\/p>\n<p>Follow <a href=\"https:\/\/en.vedur.is\/weather\/forecasts\/aurora\/.\">https:\/\/en.vedur.is\/weather\/forecasts\/aurora\/.<\/a><br \/>\n[\/et_pb_accordion_item][et_pb_accordion_item title=&#8221;What is the best season to visit Egilsstadir?&#8221; _builder_version=&#8221;4.7.7&#8243; _module_preset=&#8221;default&#8221; open=&#8221;off&#8221;]It depends on what you would like to do. Midnight sun and the warmest temperatures in Iceland make summer a great season to visit Egilsstadir. Whereas from October until March typically are the best months for experiencing the Northern Lights, white winters and soaking in hot springs.<br \/>\n[\/et_pb_accordion_item][et_pb_accordion_item title=&#8221;Is there any hot springs around?&#8221; _builder_version=&#8221;4.7.7&#8243; _module_preset=&#8221;default&#8221; open=&#8221;off&#8221;]<\/p>\n<p>Yes. V\u00f6k Baths is a new destination opened in summer 2019 by lake Urri\u00f0avatn, just northwest from Egilssta\u00f0ir, in Eastern Iceland. It features the first and only floating pools in Iceland.<br \/> Located in Eastern Iceland, which is still one of the most untouched places on the island, V\u00f6k Baths offers a new bathing experience. It is the perfect stop for travellers to rest and rejuvenate by the crystal clear waters of Urri\u00f0avatn lake along their journeys.<br \/> Other natural hot springs, which are only open and accessible during summertime are Laugarfell along road 901 into the highlands and the hot waterfall at Laugarvalladalur in the highlands. There is also a small manmade hot tub at the Wilderness Center.<\/p>\n<p><a href=\"https:\/\/vokbaths.is\/\">V\u00f6k Baths &#8211; V\u00f6k Baths (vokbaths.is)<\/a><\/p>\n<p><a href=\"https:\/\/laugarfell.is\/hot-springs\/\">Hot springs | Laugarfell<\/a><\/p>\n<p><a href=\"https:\/\/wilderness.is\/hot-spring-spa\/\">HOT SPRING SPA | Wilderness Center<\/a><\/p>\n<p>[\/et_pb_accordion_item][et_pb_accordion_item title=&#8221;Where can I get medical help?&#8221; _builder_version=&#8221;4.7.7&#8243; _module_preset=&#8221;default&#8221; open=&#8221;off&#8221;]<\/p>\n<p>Primary and emergency medical services are located in Egilssta\u00f0ir.<br \/> Monday \u2013 Friday<br \/> Opening hours: 8 am \u2013 4 pm.<br \/> Phone: +354 470 3000.<br \/> Outside opening hours call +354 1700 for doctor on call.<br \/> Emergency numer 112. In case of accidents and emergency.<\/p>\n<p><a href=\"https:\/\/www.hsa.is\/um-hsa\/english\">English (hsa.is)<\/a><\/p>\n<p>[\/et_pb_accordion_item][et_pb_accordion_item title=&#8221;Where can I get more information about additional services in Egilsstadir?&#8221; _builder_version=&#8221;4.7.7&#8243; _module_preset=&#8221;default&#8221; open=&#8221;off&#8221;]For more informations about additional services like <a href=\"https:\/\/visitegilsstadir.is\/en\/shops-and-service\/\">car rental, hairdressers, pharmacy, banks etc please check our website<\/a><br \/>\n[\/et_pb_accordion_item][\/et_pb_accordion][\/et_pb_column][\/et_pb_row][\/et_pb_section]<\/p>\n","protected":false},"excerpt":{"rendered":"<p>Frequently asked questions\u00a0about Egilsstadir areaThere are plenty of amazing activities around Egilsstadir you can do. We highly recommend you to visit: Hengifoss waterfall, Fardagafoss waterfall, Studlagil canyon, Hallormstadaskogur, Sey\u00f0isfj\u00f6r\u00f0ur town,\u00a0Puffins in Borgarfjordur Eystri (from late April to August)\u00a0 https:\/\/hengifoss.is\/en\/ https:\/\/studlagil.is\/studlagil-canyon\/ https:\/\/visitseydisfjordur.com\/ https:\/\/www.borgarfjordureystri.is\/en\/aboutborgarfjordur https:\/\/visitseydisfjordur.com\/\u00a0 For more ideas what to see and do in Egilsstadir check the [&hellip;]<\/p>\n","protected":false},"author":3,"featured_media":0,"parent":0,"menu_order":0,"comment_status":"closed","ping_status":"closed","template":"","meta":{"_et_pb_use_builder":"on","_et_pb_old_content":"","_et_gb_content_width":"","footnotes":""},"class_list":["post-6338","page","type-page","status-publish","hentry"],"yoast_head":"<!-- This site is optimized with the Yoast SEO plugin v20.9 - https:\/\/yoast.com\/wordpress\/plugins\/seo\/ -->\n<title>FAQ - Visitegilsstadir<\/title>\n<meta name=\"robots\" content=\"index, follow, max-snippet:-1, max-image-preview:large, max-video-preview:-1\" \/>\n<link rel=\"canonical\" href=\"https:\/\/visitegilsstadir.is\/en\/faq\/\" \/>\n<meta property=\"og:locale\" content=\"en_US\" \/>\n<meta property=\"og:type\" content=\"article\" \/>\n<meta property=\"og:title\" content=\"FAQ - Visitegilsstadir\" \/>\n<meta property=\"og:description\" content=\"Frequently asked questions\u00a0about Egilsstadir areaThere are plenty of amazing activities around Egilsstadir you can do. We highly recommend you to visit: Hengifoss waterfall, Fardagafoss waterfall, Studlagil canyon, Hallormstadaskogur, Sey\u00f0isfj\u00f6r\u00f0ur town,\u00a0Puffins in Borgarfjordur Eystri (from late April to August)\u00a0 https:\/\/hengifoss.is\/en\/ https:\/\/studlagil.is\/studlagil-canyon\/ https:\/\/visitseydisfjordur.com\/ https:\/\/www.borgarfjordureystri.is\/en\/aboutborgarfjordur https:\/\/visitseydisfjordur.com\/\u00a0 For more ideas what to see and do in Egilsstadir check the [&hellip;]\" \/>\n<meta property=\"og:url\" content=\"https:\/\/visitegilsstadir.is\/en\/faq\/\" \/>\n<meta property=\"og:site_name\" content=\"Visitegilsstadir\" \/>\n<meta property=\"article:publisher\" content=\"https:\/\/www.facebook.com\/visitegilsstadir\/\" \/>\n<meta property=\"article:modified_time\" content=\"2022-04-06T12:30:42+00:00\" \/>\n<meta property=\"og:image\" content=\"https:\/\/visitegilsstadir.is\/wp-content\/uploads\/2020\/05\/visitegilsstadir-slaid1.jpg\" \/>\n\t<meta property=\"og:image:width\" content=\"2000\" \/>\n\t<meta property=\"og:image:height\" content=\"1500\" \/>\n\t<meta property=\"og:image:type\" content=\"image\/jpeg\" \/>\n<meta name=\"twitter:card\" content=\"summary_large_image\" \/>\n<meta name=\"twitter:label1\" content=\"Est. reading time\" \/>\n\t<meta name=\"twitter:data1\" content=\"7 minutes\" \/>\n<script type=\"application\/ld+json\" class=\"yoast-schema-graph\">{\"@context\":\"https:\/\/schema.org\",\"@graph\":[{\"@type\":\"WebPage\",\"@id\":\"https:\/\/visitegilsstadir.is\/en\/faq\/\",\"url\":\"https:\/\/visitegilsstadir.is\/en\/faq\/\",\"name\":\"FAQ - Visitegilsstadir\",\"isPartOf\":{\"@id\":\"https:\/\/visitegilsstadir.is\/en\/#website\"},\"datePublished\":\"2022-02-24T17:42:56+00:00\",\"dateModified\":\"2022-04-06T12:30:42+00:00\",\"breadcrumb\":{\"@id\":\"https:\/\/visitegilsstadir.is\/en\/faq\/#breadcrumb\"},\"inLanguage\":\"en-US\",\"potentialAction\":[{\"@type\":\"ReadAction\",\"target\":[\"https:\/\/visitegilsstadir.is\/en\/faq\/\"]}]},{\"@type\":\"BreadcrumbList\",\"@id\":\"https:\/\/visitegilsstadir.is\/en\/faq\/#breadcrumb\",\"itemListElement\":[{\"@type\":\"ListItem\",\"position\":1,\"name\":\"Home\",\"item\":\"https:\/\/visitegilsstadir.is\/en\/\"},{\"@type\":\"ListItem\",\"position\":2,\"name\":\"FAQ\"}]},{\"@type\":\"WebSite\",\"@id\":\"https:\/\/visitegilsstadir.is\/en\/#website\",\"url\":\"https:\/\/visitegilsstadir.is\/en\/\",\"name\":\"Visitegilsstadir\",\"description\":\"Veri\u00f0 velkomin \u00e1 Flj\u00f3tsdalsh\u00e9ra\u00f0. \u00c1 \u00feessari heimas\u00ed\u00f0u finnur \u00fe\u00fa uppl\u00fdsingar um af\u00fereyingu, \u00e1hugaver\u00f0a sta\u00f0i, vi\u00f0bur\u00f0i, verslun og \u00fej\u00f3nustu \u00e1 sv\u00e6\u00f0inu\",\"publisher\":{\"@id\":\"https:\/\/visitegilsstadir.is\/en\/#organization\"},\"potentialAction\":[{\"@type\":\"SearchAction\",\"target\":{\"@type\":\"EntryPoint\",\"urlTemplate\":\"https:\/\/visitegilsstadir.is\/en\/?s={search_term_string}\"},\"query-input\":\"required name=search_term_string\"}],\"inLanguage\":\"en-US\"},{\"@type\":\"Organization\",\"@id\":\"https:\/\/visitegilsstadir.is\/en\/#organization\",\"name\":\"Visitegilsstadir\",\"url\":\"https:\/\/visitegilsstadir.is\/en\/\",\"logo\":{\"@type\":\"ImageObject\",\"inLanguage\":\"en-US\",\"@id\":\"https:\/\/visitegilsstadir.is\/en\/#\/schema\/logo\/image\/\",\"url\":\"https:\/\/visitegilsstadir.is\/wp-content\/uploads\/2020\/04\/VisitEgs_logo_hvitt-002.png\",\"contentUrl\":\"https:\/\/visitegilsstadir.is\/wp-content\/uploads\/2020\/04\/VisitEgs_logo_hvitt-002.png\",\"width\":2983,\"height\":1834,\"caption\":\"Visitegilsstadir\"},\"image\":{\"@id\":\"https:\/\/visitegilsstadir.is\/en\/#\/schema\/logo\/image\/\"},\"sameAs\":[\"https:\/\/www.facebook.com\/visitegilsstadir\/\",\"https:\/\/www.instagram.com\/visitegilsstadir\/\"]}]}<\/script>\n<!-- \/ Yoast SEO plugin. -->","yoast_head_json":{"title":"FAQ - Visitegilsstadir","robots":{"index":"index","follow":"follow","max-snippet":"max-snippet:-1","max-image-preview":"max-image-preview:large","max-video-preview":"max-video-preview:-1"},"canonical":"https:\/\/visitegilsstadir.is\/en\/faq\/","og_locale":"en_US","og_type":"article","og_title":"FAQ - Visitegilsstadir","og_description":"Frequently asked questions\u00a0about Egilsstadir areaThere are plenty of amazing activities around Egilsstadir you can do. We highly recommend you to visit: Hengifoss waterfall, Fardagafoss waterfall, Studlagil canyon, Hallormstadaskogur, Sey\u00f0isfj\u00f6r\u00f0ur town,\u00a0Puffins in Borgarfjordur Eystri (from late April to August)\u00a0 https:\/\/hengifoss.is\/en\/ https:\/\/studlagil.is\/studlagil-canyon\/ https:\/\/visitseydisfjordur.com\/ https:\/\/www.borgarfjordureystri.is\/en\/aboutborgarfjordur https:\/\/visitseydisfjordur.com\/\u00a0 For more ideas what to see and do in Egilsstadir check the [&hellip;]","og_url":"https:\/\/visitegilsstadir.is\/en\/faq\/","og_site_name":"Visitegilsstadir","article_publisher":"https:\/\/www.facebook.com\/visitegilsstadir\/","article_modified_time":"2022-04-06T12:30:42+00:00","og_image":[{"width":2000,"height":1500,"url":"https:\/\/visitegilsstadir.is\/wp-content\/uploads\/2020\/05\/visitegilsstadir-slaid1.jpg","type":"image\/jpeg"}],"twitter_card":"summary_large_image","twitter_misc":{"Est. reading time":"7 minutes"},"schema":{"@context":"https:\/\/schema.org","@graph":[{"@type":"WebPage","@id":"https:\/\/visitegilsstadir.is\/en\/faq\/","url":"https:\/\/visitegilsstadir.is\/en\/faq\/","name":"FAQ - Visitegilsstadir","isPartOf":{"@id":"https:\/\/visitegilsstadir.is\/en\/#website"},"datePublished":"2022-02-24T17:42:56+00:00","dateModified":"2022-04-06T12:30:42+00:00","breadcrumb":{"@id":"https:\/\/visitegilsstadir.is\/en\/faq\/#breadcrumb"},"inLanguage":"en-US","potentialAction":[{"@type":"ReadAction","target":["https:\/\/visitegilsstadir.is\/en\/faq\/"]}]},{"@type":"BreadcrumbList","@id":"https:\/\/visitegilsstadir.is\/en\/faq\/#breadcrumb","itemListElement":[{"@type":"ListItem","position":1,"name":"Home","item":"https:\/\/visitegilsstadir.is\/en\/"},{"@type":"ListItem","position":2,"name":"FAQ"}]},{"@type":"WebSite","@id":"https:\/\/visitegilsstadir.is\/en\/#website","url":"https:\/\/visitegilsstadir.is\/en\/","name":"Visitegilsstadir","description":"Veri\u00f0 velkomin \u00e1 Flj\u00f3tsdalsh\u00e9ra\u00f0. \u00c1 \u00feessari heimas\u00ed\u00f0u finnur \u00fe\u00fa uppl\u00fdsingar um af\u00fereyingu, \u00e1hugaver\u00f0a sta\u00f0i, vi\u00f0bur\u00f0i, verslun og \u00fej\u00f3nustu \u00e1 sv\u00e6\u00f0inu","publisher":{"@id":"https:\/\/visitegilsstadir.is\/en\/#organization"},"potentialAction":[{"@type":"SearchAction","target":{"@type":"EntryPoint","urlTemplate":"https:\/\/visitegilsstadir.is\/en\/?s={search_term_string}"},"query-input":"required name=search_term_string"}],"inLanguage":"en-US"},{"@type":"Organization","@id":"https:\/\/visitegilsstadir.is\/en\/#organization","name":"Visitegilsstadir","url":"https:\/\/visitegilsstadir.is\/en\/","logo":{"@type":"ImageObject","inLanguage":"en-US","@id":"https:\/\/visitegilsstadir.is\/en\/#\/schema\/logo\/image\/","url":"https:\/\/visitegilsstadir.is\/wp-content\/uploads\/2020\/04\/VisitEgs_logo_hvitt-002.png","contentUrl":"https:\/\/visitegilsstadir.is\/wp-content\/uploads\/2020\/04\/VisitEgs_logo_hvitt-002.png","width":2983,"height":1834,"caption":"Visitegilsstadir"},"image":{"@id":"https:\/\/visitegilsstadir.is\/en\/#\/schema\/logo\/image\/"},"sameAs":["https:\/\/www.facebook.com\/visitegilsstadir\/","https:\/\/www.instagram.com\/visitegilsstadir\/"]}]}},"_links":{"self":[{"href":"https:\/\/visitegilsstadir.is\/en\/wp-json\/wp\/v2\/pages\/6338","targetHints":{"allow":["GET"]}}],"collection":[{"href":"https:\/\/visitegilsstadir.is\/en\/wp-json\/wp\/v2\/pages"}],"about":[{"href":"https:\/\/visitegilsstadir.is\/en\/wp-json\/wp\/v2\/types\/page"}],"author":[{"embeddable":true,"href":"https:\/\/visitegilsstadir.is\/en\/wp-json\/wp\/v2\/users\/3"}],"replies":[{"embeddable":true,"href":"https:\/\/visitegilsstadir.is\/en\/wp-json\/wp\/v2\/comments?post=6338"}],"version-history":[{"count":23,"href":"https:\/\/visitegilsstadir.is\/en\/wp-json\/wp\/v2\/pages\/6338\/revisions"}],"predecessor-version":[{"id":211177,"href":"https:\/\/visitegilsstadir.is\/en\/wp-json\/wp\/v2\/pages\/6338\/revisions\/211177"}],"wp:attachment":[{"href":"https:\/\/visitegilsstadir.is\/en\/wp-json\/wp\/v2\/media?parent=6338"}],"curies":[{"name":"wp","href":"https:\/\/api.w.org\/{rel}","templated":true}]}}