{"id":6330,"date":"2022-02-23T11:46:05","date_gmt":"2022-02-23T11:46:05","guid":{"rendered":"https:\/\/visitegilsstadir.is\/?page_id=6330"},"modified":"2022-02-23T12:06:32","modified_gmt":"2022-02-23T12:06:32","slug":"map","status":"publish","type":"page","link":"https:\/\/visitegilsstadir.is\/en\/map\/","title":{"rendered":"map"},"content":{"rendered":"<div id=\"fb-root\"><\/div>\n<p>[et_pb_section fb_built=&#8221;1&#8243; _builder_version=&#8221;4.7.7&#8243; _module_preset=&#8221;default&#8221;][et_pb_row _builder_version=&#8221;4.7.7&#8243; _module_preset=&#8221;default&#8221;][et_pb_column type=&#8221;4_4&#8243; _builder_version=&#8221;4.7.7&#8243; _module_preset=&#8221;default&#8221;][et_pb_text _builder_version=&#8221;4.7.7&#8243; _module_preset=&#8221;default&#8221;]<\/p>\n<h2 style=\"text-align: center;\">Korrekstadavigi<\/h2>\n<p>[\/et_pb_text][et_pb_code _builder_version=&#8221;4.7.7&#8243; _module_preset=&#8221;default&#8221;]<iframe src=\"https:\/\/www.google.com\/maps\/embed?pb=!1m18!1m12!1m3!1d1651.6119629390298!2d-14.178705383645674!3d65.54636890488528!2m3!1f0!2f0!3f0!3m2!1i1024!2i768!4f13.1!3m3!1m2!1s0x0%3A0xe7a030ff55e79083!2zNjXCsDMyJzQ2LjkiTiAxNMKwMTAnMzUuNSJX!5e0!3m2!1spl!2ses!4v1645615905056!5m2!1spl!2ses\" width=\"800\" height=\"600\" style=\"border:0;\" allowfullscreen=\"\" loading=\"lazy\"><\/iframe>[\/et_pb_code][\/et_pb_column][\/et_pb_row][et_pb_row _builder_version=&#8221;4.7.7&#8243; _module_preset=&#8221;default&#8221;][et_pb_column type=&#8221;4_4&#8243; _builder_version=&#8221;4.7.7&#8243; _module_preset=&#8221;default&#8221;][et_pb_text _builder_version=&#8221;4.7.7&#8243; _module_preset=&#8221;default&#8221;]<\/p>\n<h2 style=\"text-align: center;\">Korrekstadavigi<\/h2>\n<p>[\/et_pb_text][et_pb_code _builder_version=&#8221;4.7.7&#8243; _module_preset=&#8221;default&#8221;]<iframe loading=\"lazy\" src=\"https:\/\/www.google.com\/maps\/d\/embed?mid=11r1B3OLhgFEuBtM5vNL5Z_txxNFuNrPW&#038;ehbc=2E312F\" width=\"640\" height=\"480\"><\/iframe>[\/et_pb_code][\/et_pb_column][\/et_pb_row][\/et_pb_section]<\/p>\n","protected":false},"excerpt":{"rendered":"<p>KorrekstadavigiKorrekstadavigi<\/p>\n","protected":false},"author":3,"featured_media":0,"parent":0,"menu_order":0,"comment_status":"closed","ping_status":"closed","template":"","meta":{"_et_pb_use_builder":"on","_et_pb_old_content":"","_et_gb_content_width":"","footnotes":""},"class_list":["post-6330","page","type-page","status-publish","hentry"],"yoast_head":"<!-- This site is optimized with the Yoast SEO plugin v20.9 - https:\/\/yoast.com\/wordpress\/plugins\/seo\/ -->\n<title>map - Visitegilsstadir<\/title>\n<meta name=\"robots\" content=\"index, follow, max-snippet:-1, max-image-preview:large, max-video-preview:-1\" \/>\n<link rel=\"canonical\" href=\"https:\/\/visitegilsstadir.is\/en\/map\/\" \/>\n<meta property=\"og:locale\" content=\"en_US\" \/>\n<meta property=\"og:type\" content=\"article\" \/>\n<meta property=\"og:title\" content=\"map - Visitegilsstadir\" \/>\n<meta property=\"og:description\" content=\"KorrekstadavigiKorrekstadavigi\" \/>\n<meta property=\"og:url\" content=\"https:\/\/visitegilsstadir.is\/en\/map\/\" \/>\n<meta property=\"og:site_name\" content=\"Visitegilsstadir\" \/>\n<meta property=\"article:publisher\" content=\"https:\/\/www.facebook.com\/visitegilsstadir\/\" \/>\n<meta property=\"article:modified_time\" content=\"2022-02-23T12:06:32+00:00\" \/>\n<meta property=\"og:image\" content=\"https:\/\/visitegilsstadir.is\/wp-content\/uploads\/2020\/05\/visitegilsstadir-slaid1.jpg\" \/>\n\t<meta property=\"og:image:width\" content=\"2000\" \/>\n\t<meta property=\"og:image:height\" content=\"1500\" \/>\n\t<meta property=\"og:image:type\" content=\"image\/jpeg\" \/>\n<meta name=\"twitter:card\" content=\"summary_large_image\" \/>\n<meta name=\"twitter:label1\" content=\"Est. reading time\" \/>\n\t<meta name=\"twitter:data1\" content=\"1 minute\" \/>\n<script type=\"application\/ld+json\" class=\"yoast-schema-graph\">{\"@context\":\"https:\/\/schema.org\",\"@graph\":[{\"@type\":\"WebPage\",\"@id\":\"https:\/\/visitegilsstadir.is\/en\/map\/\",\"url\":\"https:\/\/visitegilsstadir.is\/en\/map\/\",\"name\":\"map - Visitegilsstadir\",\"isPartOf\":{\"@id\":\"https:\/\/visitegilsstadir.is\/en\/#website\"},\"datePublished\":\"2022-02-23T11:46:05+00:00\",\"dateModified\":\"2022-02-23T12:06:32+00:00\",\"breadcrumb\":{\"@id\":\"https:\/\/visitegilsstadir.is\/en\/map\/#breadcrumb\"},\"inLanguage\":\"en-US\",\"potentialAction\":[{\"@type\":\"ReadAction\",\"target\":[\"https:\/\/visitegilsstadir.is\/en\/map\/\"]}]},{\"@type\":\"BreadcrumbList\",\"@id\":\"https:\/\/visitegilsstadir.is\/en\/map\/#breadcrumb\",\"itemListElement\":[{\"@type\":\"ListItem\",\"position\":1,\"name\":\"Home\",\"item\":\"https:\/\/visitegilsstadir.is\/en\/\"},{\"@type\":\"ListItem\",\"position\":2,\"name\":\"map\"}]},{\"@type\":\"WebSite\",\"@id\":\"https:\/\/visitegilsstadir.is\/en\/#website\",\"url\":\"https:\/\/visitegilsstadir.is\/en\/\",\"name\":\"Visitegilsstadir\",\"description\":\"Veri\u00f0 velkomin \u00e1 Flj\u00f3tsdalsh\u00e9ra\u00f0. \u00c1 \u00feessari heimas\u00ed\u00f0u finnur \u00fe\u00fa uppl\u00fdsingar um af\u00fereyingu, \u00e1hugaver\u00f0a sta\u00f0i, vi\u00f0bur\u00f0i, verslun og \u00fej\u00f3nustu \u00e1 sv\u00e6\u00f0inu\",\"publisher\":{\"@id\":\"https:\/\/visitegilsstadir.is\/en\/#organization\"},\"potentialAction\":[{\"@type\":\"SearchAction\",\"target\":{\"@type\":\"EntryPoint\",\"urlTemplate\":\"https:\/\/visitegilsstadir.is\/en\/?s={search_term_string}\"},\"query-input\":\"required name=search_term_string\"}],\"inLanguage\":\"en-US\"},{\"@type\":\"Organization\",\"@id\":\"https:\/\/visitegilsstadir.is\/en\/#organization\",\"name\":\"Visitegilsstadir\",\"url\":\"https:\/\/visitegilsstadir.is\/en\/\",\"logo\":{\"@type\":\"ImageObject\",\"inLanguage\":\"en-US\",\"@id\":\"https:\/\/visitegilsstadir.is\/en\/#\/schema\/logo\/image\/\",\"url\":\"https:\/\/visitegilsstadir.is\/wp-content\/uploads\/2020\/04\/VisitEgs_logo_hvitt-002.png\",\"contentUrl\":\"https:\/\/visitegilsstadir.is\/wp-content\/uploads\/2020\/04\/VisitEgs_logo_hvitt-002.png\",\"width\":2983,\"height\":1834,\"caption\":\"Visitegilsstadir\"},\"image\":{\"@id\":\"https:\/\/visitegilsstadir.is\/en\/#\/schema\/logo\/image\/\"},\"sameAs\":[\"https:\/\/www.facebook.com\/visitegilsstadir\/\",\"https:\/\/www.instagram.com\/visitegilsstadir\/\"]}]}<\/script>\n<!-- \/ Yoast SEO plugin. -->","yoast_head_json":{"title":"map - Visitegilsstadir","robots":{"index":"index","follow":"follow","max-snippet":"max-snippet:-1","max-image-preview":"max-image-preview:large","max-video-preview":"max-video-preview:-1"},"canonical":"https:\/\/visitegilsstadir.is\/en\/map\/","og_locale":"en_US","og_type":"article","og_title":"map - Visitegilsstadir","og_description":"KorrekstadavigiKorrekstadavigi","og_url":"https:\/\/visitegilsstadir.is\/en\/map\/","og_site_name":"Visitegilsstadir","article_publisher":"https:\/\/www.facebook.com\/visitegilsstadir\/","article_modified_time":"2022-02-23T12:06:32+00:00","og_image":[{"width":2000,"height":1500,"url":"https:\/\/visitegilsstadir.is\/wp-content\/uploads\/2020\/05\/visitegilsstadir-slaid1.jpg","type":"image\/jpeg"}],"twitter_card":"summary_large_image","twitter_misc":{"Est. reading time":"1 minute"},"schema":{"@context":"https:\/\/schema.org","@graph":[{"@type":"WebPage","@id":"https:\/\/visitegilsstadir.is\/en\/map\/","url":"https:\/\/visitegilsstadir.is\/en\/map\/","name":"map - Visitegilsstadir","isPartOf":{"@id":"https:\/\/visitegilsstadir.is\/en\/#website"},"datePublished":"2022-02-23T11:46:05+00:00","dateModified":"2022-02-23T12:06:32+00:00","breadcrumb":{"@id":"https:\/\/visitegilsstadir.is\/en\/map\/#breadcrumb"},"inLanguage":"en-US","potentialAction":[{"@type":"ReadAction","target":["https:\/\/visitegilsstadir.is\/en\/map\/"]}]},{"@type":"BreadcrumbList","@id":"https:\/\/visitegilsstadir.is\/en\/map\/#breadcrumb","itemListElement":[{"@type":"ListItem","position":1,"name":"Home","item":"https:\/\/visitegilsstadir.is\/en\/"},{"@type":"ListItem","position":2,"name":"map"}]},{"@type":"WebSite","@id":"https:\/\/visitegilsstadir.is\/en\/#website","url":"https:\/\/visitegilsstadir.is\/en\/","name":"Visitegilsstadir","description":"Veri\u00f0 velkomin \u00e1 Flj\u00f3tsdalsh\u00e9ra\u00f0. \u00c1 \u00feessari heimas\u00ed\u00f0u finnur \u00fe\u00fa uppl\u00fdsingar um af\u00fereyingu, \u00e1hugaver\u00f0a sta\u00f0i, vi\u00f0bur\u00f0i, verslun og \u00fej\u00f3nustu \u00e1 sv\u00e6\u00f0inu","publisher":{"@id":"https:\/\/visitegilsstadir.is\/en\/#organization"},"potentialAction":[{"@type":"SearchAction","target":{"@type":"EntryPoint","urlTemplate":"https:\/\/visitegilsstadir.is\/en\/?s={search_term_string}"},"query-input":"required name=search_term_string"}],"inLanguage":"en-US"},{"@type":"Organization","@id":"https:\/\/visitegilsstadir.is\/en\/#organization","name":"Visitegilsstadir","url":"https:\/\/visitegilsstadir.is\/en\/","logo":{"@type":"ImageObject","inLanguage":"en-US","@id":"https:\/\/visitegilsstadir.is\/en\/#\/schema\/logo\/image\/","url":"https:\/\/visitegilsstadir.is\/wp-content\/uploads\/2020\/04\/VisitEgs_logo_hvitt-002.png","contentUrl":"https:\/\/visitegilsstadir.is\/wp-content\/uploads\/2020\/04\/VisitEgs_logo_hvitt-002.png","width":2983,"height":1834,"caption":"Visitegilsstadir"},"image":{"@id":"https:\/\/visitegilsstadir.is\/en\/#\/schema\/logo\/image\/"},"sameAs":["https:\/\/www.facebook.com\/visitegilsstadir\/","https:\/\/www.instagram.com\/visitegilsstadir\/"]}]}},"_links":{"self":[{"href":"https:\/\/visitegilsstadir.is\/en\/wp-json\/wp\/v2\/pages\/6330","targetHints":{"allow":["GET"]}}],"collection":[{"href":"https:\/\/visitegilsstadir.is\/en\/wp-json\/wp\/v2\/pages"}],"about":[{"href":"https:\/\/visitegilsstadir.is\/en\/wp-json\/wp\/v2\/types\/page"}],"author":[{"embeddable":true,"href":"https:\/\/visitegilsstadir.is\/en\/wp-json\/wp\/v2\/users\/3"}],"replies":[{"embeddable":true,"href":"https:\/\/visitegilsstadir.is\/en\/wp-json\/wp\/v2\/comments?post=6330"}],"version-history":[{"count":5,"href":"https:\/\/visitegilsstadir.is\/en\/wp-json\/wp\/v2\/pages\/6330\/revisions"}],"predecessor-version":[{"id":6337,"href":"https:\/\/visitegilsstadir.is\/en\/wp-json\/wp\/v2\/pages\/6330\/revisions\/6337"}],"wp:attachment":[{"href":"https:\/\/visitegilsstadir.is\/en\/wp-json\/wp\/v2\/media?parent=6330"}],"curies":[{"name":"wp","href":"https:\/\/api.w.org\/{rel}","templated":true}]}}