{"id":2377,"date":"2020-05-12T12:12:32","date_gmt":"2020-05-12T12:12:32","guid":{"rendered":"https:\/\/visitegilsstadir.is\/?page_id=2377"},"modified":"2020-06-23T09:42:30","modified_gmt":"2020-06-23T09:42:30","slug":"about-egilsstadir","status":"publish","type":"page","link":"https:\/\/visitegilsstadir.is\/en\/about-egilsstadir\/","title":{"rendered":"About Egilssta\u00f0ir"},"content":{"rendered":"<div id=\"fb-root\"><\/div>\n<p>[et_pb_section fb_built=&#8221;1&#8243; fullwidth=&#8221;on&#8221; _builder_version=&#8221;4.4.0&#8243;][et_pb_fullwidth_header title=&#8221;ABOUT EGILSSTA\u00d0IR&#8221; _builder_version=&#8221;4.4.0&#8243; title_font=&#8221;|||on|||||&#8221; title_text_align=&#8221;center&#8221; title_font_size=&#8221;50px&#8221; title_letter_spacing=&#8221;6px&#8221; background_image=&#8221;https:\/\/visitegilsstadir.is\/wp-content\/uploads\/2020\/06\/Egilsstadir1.jpg&#8221; custom_padding=&#8221;181px||184px|||&#8221; hover_enabled=&#8221;0&#8243; title_font_size_tablet=&#8221;45px&#8221; title_font_size_phone=&#8221;40px&#8221; title_font_size_last_edited=&#8221;on|phone&#8221;][\/et_pb_fullwidth_header][\/et_pb_section][et_pb_section fb_built=&#8221;1&#8243; admin_label=&#8221;section&#8221; _builder_version=&#8221;3.22&#8243;][et_pb_row column_structure=&#8221;1_2,1_2&#8243; admin_label=&#8221;row&#8221; _builder_version=&#8221;3.25&#8243; background_size=&#8221;initial&#8221; background_position=&#8221;top_left&#8221; background_repeat=&#8221;repeat&#8221;][et_pb_column type=&#8221;1_2&#8243; _builder_version=&#8221;3.25&#8243; custom_padding=&#8221;|||&#8221; custom_padding__hover=&#8221;|||&#8221;][et_pb_text _builder_version=&#8221;4.4.0&#8243;]<\/p>\n<h2>Vibrant society in a pleasant environment<\/h2>\n<p>Egilssta\u00f0ir is a town in east Iceland on the banks of Lagarflj\u00f3t river. The vicinity that Egilssta\u00f0ir is located in is called Flj\u00f3tsdalsh\u00e9ra\u00f0 and it is home to a progressive, energetic society, in keeping with the special environment of the area. Affected by the inviting surroundings and comfortable climate, the cordiality of locals provides a warm welcome for those arriving in the municipality. There is a large range of busy cultural activities, as well as ambitious work in music, art and drama and varied undertakings by clubs and other organisations. Living museums sponsor special exhibits and an assortment of presentations and entertaining programmes. The numerous cultural festivals held annually in Flj\u00f3tsdalsh\u00e9ra\u00f0 attract many artists from everywhere in Iceland to participate.<\/p>\n<p>[\/et_pb_text][\/et_pb_column][et_pb_column type=&#8221;1_2&#8243; _builder_version=&#8221;3.25&#8243; custom_padding=&#8221;|||&#8221; custom_padding__hover=&#8221;|||&#8221;][et_pb_image src=&#8221;https:\/\/visitegilsstadir.is\/wp-content\/uploads\/2020\/03\/about_egilsstadir3.jpg&#8221; _builder_version=&#8221;4.4.0&#8243;][\/et_pb_image][\/et_pb_column][\/et_pb_row][et_pb_row column_structure=&#8221;1_2,1_2&#8243; admin_label=&#8221;row&#8221; _builder_version=&#8221;3.25&#8243; background_size=&#8221;initial&#8221; background_position=&#8221;top_left&#8221; background_repeat=&#8221;repeat&#8221;][et_pb_column type=&#8221;1_2&#8243; _builder_version=&#8221;3.25&#8243; custom_padding=&#8221;|||&#8221; custom_padding__hover=&#8221;|||&#8221;][et_pb_image src=&#8221;https:\/\/visitegilsstadir.is\/wp-content\/uploads\/2020\/05\/about-egilsstadir.jpg&#8221; _builder_version=&#8221;4.4.0&#8243;][\/et_pb_image][\/et_pb_column][et_pb_column type=&#8221;1_2&#8243; _builder_version=&#8221;3.25&#8243; custom_padding=&#8221;|||&#8221; custom_padding__hover=&#8221;|||&#8221;][et_pb_text _builder_version=&#8221;4.4.0&#8243;]<\/p>\n<h2>Scenic nature &#8211; mountains and woods<\/h2>\n<p>Famous for its natural beauty and pleasant climate, often resembling that on the Continent, Flj\u00f3tsdalsh\u00e9ra\u00f0 is particularly characterised by woods, whose appearance in the environment is special for Iceland. The local society, waterfalls, canyons, lakes and rivers contribute to the many scenic attractions favourable for outdoor recreation. There are many enjoyable walking routes through forests and open areas, and trips into nearby mountain ranges are popular regardless of the time of year. Not only is the fauna varied, but there are outstanding opportunities for bird-watching, besides the unique chance to view reindeer in Iceland. Lagarflj\u00f3t lake is inhabited by Iceland&#8217;s most renowned water monster, Lagarflj\u00f3tsormur. Berries and mushrooms grow plentifully, while anglers seek out the lakes and rivers, and sportsmen also encounter one of Iceland&#8217;s most exciting areas for hunting.<\/p>\n<p>[\/et_pb_text][\/et_pb_column][\/et_pb_row][et_pb_row column_structure=&#8221;1_2,1_2&#8243; admin_label=&#8221;row&#8221; _builder_version=&#8221;3.25&#8243; background_size=&#8221;initial&#8221; background_position=&#8221;top_left&#8221; background_repeat=&#8221;repeat&#8221;][et_pb_column type=&#8221;1_2&#8243; _builder_version=&#8221;3.25&#8243; custom_padding=&#8221;|||&#8221; custom_padding__hover=&#8221;|||&#8221;][et_pb_text _builder_version=&#8221;4.4.0&#8243;]<\/p>\n<h2>Priority to families<\/h2>\n<p>There are fine educational possibilities in Flj\u00f3tsdalsh\u00e9ra\u00f0, with five preschools, four schools at the compulsory level, three music schools, a school that provides education in creative sustainability, an upper secondary school, and good facilities for distance studies at university level. Sports facilities are first-class, and the selection comprises four gymnasiums, three swimming pools, a magnificent sports field, a pretty golf course, a skiing area, and conveniences for horsemen. In addition to two youth recreation centres, Flj\u00f3tsdalsh\u00e9ra\u00f0 has a coffee and culture house for young people. A number of state institutions have branches in the municipality, so that public services are easily accessible for residents.<\/p>\n<p>[\/et_pb_text][\/et_pb_column][et_pb_column type=&#8221;1_2&#8243; _builder_version=&#8221;3.25&#8243; custom_padding=&#8221;|||&#8221; custom_padding__hover=&#8221;|||&#8221;][et_pb_image src=&#8221;https:\/\/visitegilsstadir.is\/wp-content\/uploads\/2020\/05\/about_egilsstadir2.jpg&#8221; _builder_version=&#8221;4.4.0&#8243;][\/et_pb_image][\/et_pb_column][\/et_pb_row][et_pb_row column_structure=&#8221;1_2,1_2&#8243; admin_label=&#8221;row&#8221; _builder_version=&#8221;3.25&#8243; background_size=&#8221;initial&#8221; background_position=&#8221;top_left&#8221; background_repeat=&#8221;repeat&#8221;][et_pb_column type=&#8221;1_2&#8243; _builder_version=&#8221;3.25&#8243; custom_padding=&#8221;|||&#8221; custom_padding__hover=&#8221;|||&#8221;][et_pb_image src=&#8221;https:\/\/visitegilsstadir.is\/wp-content\/uploads\/2020\/05\/about_egilsstadir1.jpg&#8221; _builder_version=&#8221;4.4.0&#8243;][\/et_pb_image][\/et_pb_column][et_pb_column type=&#8221;1_2&#8243; _builder_version=&#8221;3.25&#8243; custom_padding=&#8221;|||&#8221; custom_padding__hover=&#8221;|||&#8221;][et_pb_text _builder_version=&#8221;4.4.0&#8243;]<\/p>\n<h2>Quality service at a crossroads<\/h2>\n<p>Throughout the year, numerous travellers are drawn to Flj\u00f3tsdalsh\u00e9ra\u00f0 and its excellent amenities for the tourist, who can enjoy splendid restaurants and hotels, tour museums, and observe various cultural and natural features, while overnighting at a vacation cottage, farm accommodation, or well-equipped campground. Egilssta\u00f0ir and Fellab\u00e6r have a great choice of stores with a broad selection of goods, and service companies make an effort to please the visitor. It is practical to overnight in Flj\u00f3tsdalsh\u00e9ra\u00f0, undertaking excursions during the day to other parts of East Iceland, because this center of transport by land is at the intersection of important transportation routes inside the East and onward to other regions of Iceland. Most other towns in East Iceland lie within an hour&#8217;s drive, and regular passenger and freight transport is scheduled year-round toward both the north and south of Iceland. The international airport at Egilssta\u00f0ir serves flights of only about an hour to Reykjav\u00edk and less than three hours to the European mainland.<\/p>\n<p>[\/et_pb_text][\/et_pb_column][\/et_pb_row][et_pb_row column_structure=&#8221;1_2,1_2&#8243; admin_label=&#8221;row&#8221; _builder_version=&#8221;3.25&#8243; background_size=&#8221;initial&#8221; background_position=&#8221;top_left&#8221; background_repeat=&#8221;repeat&#8221;][et_pb_column type=&#8221;1_2&#8243; _builder_version=&#8221;3.25&#8243; custom_padding=&#8221;|||&#8221; custom_padding__hover=&#8221;|||&#8221;][et_pb_image src=&#8221;https:\/\/visitegilsstadir.is\/wp-content\/uploads\/2020\/03\/IMG_1484.jpeg&#8221; _builder_version=&#8221;4.4.0&#8243;][\/et_pb_image][et_pb_image src=&#8221;https:\/\/visitegilsstadir.is\/wp-content\/uploads\/2020\/03\/IMG_1483.jpeg&#8221; _builder_version=&#8221;4.4.0&#8243;][\/et_pb_image][\/et_pb_column][et_pb_column type=&#8221;1_2&#8243; _builder_version=&#8221;3.25&#8243; custom_padding=&#8221;|||&#8221; custom_padding__hover=&#8221;|||&#8221;][et_pb_code _builder_version=&#8221;4.4.0&#8243;]<iframe loading=\"lazy\" src=\"https:\/\/www.google.com\/maps\/embed?pb=!1m18!1m12!1m3!1d13356.759661385748!2d-14.414888288328308!3d65.26235463316088!2m3!1f0!2f0!3f0!3m2!1i1024!2i768!4f13.1!3m3!1m2!1s0x48cc04800da89ed3%3A0x95bf416b2c7c7f54!2sEgilssta%C3%B0ir%2C%20Iceland!5e0!3m2!1sen!2ses!4v1585313493577!5m2!1sen!2ses\" width=\"600\" height=\"450\" frameborder=\"0\" style=\"border:0;\" allowfullscreen=\"\" aria-hidden=\"false\" tabindex=\"0\"><\/iframe>[\/et_pb_code][\/et_pb_column][\/et_pb_row][\/et_pb_section][et_pb_section fb_built=&#8221;1&#8243; _builder_version=&#8221;3.29.3&#8243;][et_pb_row _builder_version=&#8221;3.29.3&#8243;][et_pb_column type=&#8221;4_4&#8243; _builder_version=&#8221;3.29.3&#8243;][et_pb_blog fullwidth=&#8221;off&#8221; posts_number=&#8221;30&#8243; include_categories=&#8221;66&#8243; use_manual_excerpt=&#8221;off&#8221; excerpt_length=&#8221;0&#8243; show_more=&#8221;on&#8221; show_author=&#8221;off&#8221; show_date=&#8221;off&#8221; show_categories=&#8221;off&#8221; show_excerpt=&#8221;off&#8221; masonry_tile_background_color=&#8221;rgba(0,0,0,0)&#8221; _builder_version=&#8221;4.4.0&#8243; box_shadow_style=&#8221;preset2&#8243;][\/et_pb_blog][\/et_pb_column][\/et_pb_row][\/et_pb_section]<\/p>\n","protected":false},"excerpt":{"rendered":"<p>Vibrant society in a pleasant environment Egilssta\u00f0ir is a town in east Iceland on the banks of Lagarflj\u00f3t river. The vicinity that Egilssta\u00f0ir is located in is called Flj\u00f3tsdalsh\u00e9ra\u00f0 and it is home to a progressive, energetic society, in keeping with the special environment of the area. Affected by the inviting surroundings and comfortable climate, [&hellip;]<\/p>\n","protected":false},"author":3,"featured_media":0,"parent":0,"menu_order":0,"comment_status":"closed","ping_status":"closed","template":"","meta":{"_et_pb_use_builder":"on","_et_pb_old_content":"","_et_gb_content_width":"","footnotes":""},"class_list":["post-2377","page","type-page","status-publish","hentry"],"yoast_head":"<!-- This site is optimized with the Yoast SEO plugin v20.9 - https:\/\/yoast.com\/wordpress\/plugins\/seo\/ -->\n<title>About Egilssta\u00f0ir - Visitegilsstadir<\/title>\n<meta name=\"robots\" content=\"index, follow, max-snippet:-1, max-image-preview:large, max-video-preview:-1\" \/>\n<link rel=\"canonical\" href=\"https:\/\/visitegilsstadir.is\/en\/about-egilsstadir\/\" \/>\n<meta property=\"og:locale\" content=\"en_US\" \/>\n<meta property=\"og:type\" content=\"article\" \/>\n<meta property=\"og:title\" content=\"About Egilssta\u00f0ir - Visitegilsstadir\" \/>\n<meta property=\"og:description\" content=\"Vibrant society in a pleasant environment Egilssta\u00f0ir is a town in east Iceland on the banks of Lagarflj\u00f3t river. The vicinity that Egilssta\u00f0ir is located in is called Flj\u00f3tsdalsh\u00e9ra\u00f0 and it is home to a progressive, energetic society, in keeping with the special environment of the area. Affected by the inviting surroundings and comfortable climate, [&hellip;]\" \/>\n<meta property=\"og:url\" content=\"https:\/\/visitegilsstadir.is\/en\/about-egilsstadir\/\" \/>\n<meta property=\"og:site_name\" content=\"Visitegilsstadir\" \/>\n<meta property=\"article:publisher\" content=\"https:\/\/www.facebook.com\/visitegilsstadir\/\" \/>\n<meta property=\"article:modified_time\" content=\"2020-06-23T09:42:30+00:00\" \/>\n<meta property=\"og:image\" content=\"https:\/\/visitegilsstadir.is\/wp-content\/uploads\/2020\/05\/visitegilsstadir-slaid1.jpg\" \/>\n\t<meta property=\"og:image:width\" content=\"2000\" \/>\n\t<meta property=\"og:image:height\" content=\"1500\" \/>\n\t<meta property=\"og:image:type\" content=\"image\/jpeg\" \/>\n<meta name=\"twitter:card\" content=\"summary_large_image\" \/>\n<meta name=\"twitter:label1\" content=\"Est. reading time\" \/>\n\t<meta name=\"twitter:data1\" content=\"6 minutes\" \/>\n<script type=\"application\/ld+json\" class=\"yoast-schema-graph\">{\"@context\":\"https:\/\/schema.org\",\"@graph\":[{\"@type\":\"WebPage\",\"@id\":\"https:\/\/visitegilsstadir.is\/en\/about-egilsstadir\/\",\"url\":\"https:\/\/visitegilsstadir.is\/en\/about-egilsstadir\/\",\"name\":\"About Egilssta\u00f0ir - Visitegilsstadir\",\"isPartOf\":{\"@id\":\"https:\/\/visitegilsstadir.is\/en\/#website\"},\"datePublished\":\"2020-05-12T12:12:32+00:00\",\"dateModified\":\"2020-06-23T09:42:30+00:00\",\"breadcrumb\":{\"@id\":\"https:\/\/visitegilsstadir.is\/en\/about-egilsstadir\/#breadcrumb\"},\"inLanguage\":\"en-US\",\"potentialAction\":[{\"@type\":\"ReadAction\",\"target\":[\"https:\/\/visitegilsstadir.is\/en\/about-egilsstadir\/\"]}]},{\"@type\":\"BreadcrumbList\",\"@id\":\"https:\/\/visitegilsstadir.is\/en\/about-egilsstadir\/#breadcrumb\",\"itemListElement\":[{\"@type\":\"ListItem\",\"position\":1,\"name\":\"Home\",\"item\":\"https:\/\/visitegilsstadir.is\/en\/\"},{\"@type\":\"ListItem\",\"position\":2,\"name\":\"About Egilssta\u00f0ir\"}]},{\"@type\":\"WebSite\",\"@id\":\"https:\/\/visitegilsstadir.is\/en\/#website\",\"url\":\"https:\/\/visitegilsstadir.is\/en\/\",\"name\":\"Visitegilsstadir\",\"description\":\"Veri\u00f0 velkomin \u00e1 Flj\u00f3tsdalsh\u00e9ra\u00f0. \u00c1 \u00feessari heimas\u00ed\u00f0u finnur \u00fe\u00fa uppl\u00fdsingar um af\u00fereyingu, \u00e1hugaver\u00f0a sta\u00f0i, vi\u00f0bur\u00f0i, verslun og \u00fej\u00f3nustu \u00e1 sv\u00e6\u00f0inu\",\"publisher\":{\"@id\":\"https:\/\/visitegilsstadir.is\/en\/#organization\"},\"potentialAction\":[{\"@type\":\"SearchAction\",\"target\":{\"@type\":\"EntryPoint\",\"urlTemplate\":\"https:\/\/visitegilsstadir.is\/en\/?s={search_term_string}\"},\"query-input\":\"required name=search_term_string\"}],\"inLanguage\":\"en-US\"},{\"@type\":\"Organization\",\"@id\":\"https:\/\/visitegilsstadir.is\/en\/#organization\",\"name\":\"Visitegilsstadir\",\"url\":\"https:\/\/visitegilsstadir.is\/en\/\",\"logo\":{\"@type\":\"ImageObject\",\"inLanguage\":\"en-US\",\"@id\":\"https:\/\/visitegilsstadir.is\/en\/#\/schema\/logo\/image\/\",\"url\":\"https:\/\/visitegilsstadir.is\/wp-content\/uploads\/2020\/04\/VisitEgs_logo_hvitt-002.png\",\"contentUrl\":\"https:\/\/visitegilsstadir.is\/wp-content\/uploads\/2020\/04\/VisitEgs_logo_hvitt-002.png\",\"width\":2983,\"height\":1834,\"caption\":\"Visitegilsstadir\"},\"image\":{\"@id\":\"https:\/\/visitegilsstadir.is\/en\/#\/schema\/logo\/image\/\"},\"sameAs\":[\"https:\/\/www.facebook.com\/visitegilsstadir\/\",\"https:\/\/www.instagram.com\/visitegilsstadir\/\"]}]}<\/script>\n<!-- \/ Yoast SEO plugin. -->","yoast_head_json":{"title":"About Egilssta\u00f0ir - Visitegilsstadir","robots":{"index":"index","follow":"follow","max-snippet":"max-snippet:-1","max-image-preview":"max-image-preview:large","max-video-preview":"max-video-preview:-1"},"canonical":"https:\/\/visitegilsstadir.is\/en\/about-egilsstadir\/","og_locale":"en_US","og_type":"article","og_title":"About Egilssta\u00f0ir - Visitegilsstadir","og_description":"Vibrant society in a pleasant environment Egilssta\u00f0ir is a town in east Iceland on the banks of Lagarflj\u00f3t river. The vicinity that Egilssta\u00f0ir is located in is called Flj\u00f3tsdalsh\u00e9ra\u00f0 and it is home to a progressive, energetic society, in keeping with the special environment of the area. Affected by the inviting surroundings and comfortable climate, [&hellip;]","og_url":"https:\/\/visitegilsstadir.is\/en\/about-egilsstadir\/","og_site_name":"Visitegilsstadir","article_publisher":"https:\/\/www.facebook.com\/visitegilsstadir\/","article_modified_time":"2020-06-23T09:42:30+00:00","og_image":[{"width":2000,"height":1500,"url":"https:\/\/visitegilsstadir.is\/wp-content\/uploads\/2020\/05\/visitegilsstadir-slaid1.jpg","type":"image\/jpeg"}],"twitter_card":"summary_large_image","twitter_misc":{"Est. reading time":"6 minutes"},"schema":{"@context":"https:\/\/schema.org","@graph":[{"@type":"WebPage","@id":"https:\/\/visitegilsstadir.is\/en\/about-egilsstadir\/","url":"https:\/\/visitegilsstadir.is\/en\/about-egilsstadir\/","name":"About Egilssta\u00f0ir - Visitegilsstadir","isPartOf":{"@id":"https:\/\/visitegilsstadir.is\/en\/#website"},"datePublished":"2020-05-12T12:12:32+00:00","dateModified":"2020-06-23T09:42:30+00:00","breadcrumb":{"@id":"https:\/\/visitegilsstadir.is\/en\/about-egilsstadir\/#breadcrumb"},"inLanguage":"en-US","potentialAction":[{"@type":"ReadAction","target":["https:\/\/visitegilsstadir.is\/en\/about-egilsstadir\/"]}]},{"@type":"BreadcrumbList","@id":"https:\/\/visitegilsstadir.is\/en\/about-egilsstadir\/#breadcrumb","itemListElement":[{"@type":"ListItem","position":1,"name":"Home","item":"https:\/\/visitegilsstadir.is\/en\/"},{"@type":"ListItem","position":2,"name":"About Egilssta\u00f0ir"}]},{"@type":"WebSite","@id":"https:\/\/visitegilsstadir.is\/en\/#website","url":"https:\/\/visitegilsstadir.is\/en\/","name":"Visitegilsstadir","description":"Veri\u00f0 velkomin \u00e1 Flj\u00f3tsdalsh\u00e9ra\u00f0. \u00c1 \u00feessari heimas\u00ed\u00f0u finnur \u00fe\u00fa uppl\u00fdsingar um af\u00fereyingu, \u00e1hugaver\u00f0a sta\u00f0i, vi\u00f0bur\u00f0i, verslun og \u00fej\u00f3nustu \u00e1 sv\u00e6\u00f0inu","publisher":{"@id":"https:\/\/visitegilsstadir.is\/en\/#organization"},"potentialAction":[{"@type":"SearchAction","target":{"@type":"EntryPoint","urlTemplate":"https:\/\/visitegilsstadir.is\/en\/?s={search_term_string}"},"query-input":"required name=search_term_string"}],"inLanguage":"en-US"},{"@type":"Organization","@id":"https:\/\/visitegilsstadir.is\/en\/#organization","name":"Visitegilsstadir","url":"https:\/\/visitegilsstadir.is\/en\/","logo":{"@type":"ImageObject","inLanguage":"en-US","@id":"https:\/\/visitegilsstadir.is\/en\/#\/schema\/logo\/image\/","url":"https:\/\/visitegilsstadir.is\/wp-content\/uploads\/2020\/04\/VisitEgs_logo_hvitt-002.png","contentUrl":"https:\/\/visitegilsstadir.is\/wp-content\/uploads\/2020\/04\/VisitEgs_logo_hvitt-002.png","width":2983,"height":1834,"caption":"Visitegilsstadir"},"image":{"@id":"https:\/\/visitegilsstadir.is\/en\/#\/schema\/logo\/image\/"},"sameAs":["https:\/\/www.facebook.com\/visitegilsstadir\/","https:\/\/www.instagram.com\/visitegilsstadir\/"]}]}},"_links":{"self":[{"href":"https:\/\/visitegilsstadir.is\/en\/wp-json\/wp\/v2\/pages\/2377","targetHints":{"allow":["GET"]}}],"collection":[{"href":"https:\/\/visitegilsstadir.is\/en\/wp-json\/wp\/v2\/pages"}],"about":[{"href":"https:\/\/visitegilsstadir.is\/en\/wp-json\/wp\/v2\/types\/page"}],"author":[{"embeddable":true,"href":"https:\/\/visitegilsstadir.is\/en\/wp-json\/wp\/v2\/users\/3"}],"replies":[{"embeddable":true,"href":"https:\/\/visitegilsstadir.is\/en\/wp-json\/wp\/v2\/comments?post=2377"}],"version-history":[{"count":10,"href":"https:\/\/visitegilsstadir.is\/en\/wp-json\/wp\/v2\/pages\/2377\/revisions"}],"predecessor-version":[{"id":5054,"href":"https:\/\/visitegilsstadir.is\/en\/wp-json\/wp\/v2\/pages\/2377\/revisions\/5054"}],"wp:attachment":[{"href":"https:\/\/visitegilsstadir.is\/en\/wp-json\/wp\/v2\/media?parent=2377"}],"curies":[{"name":"wp","href":"https:\/\/api.w.org\/{rel}","templated":true}]}}