{"id":2211,"date":"2020-05-11T08:21:33","date_gmt":"2020-05-11T08:21:33","guid":{"rendered":"https:\/\/visitegilsstadir.is\/?page_id=2211"},"modified":"2020-05-11T08:21:37","modified_gmt":"2020-05-11T08:21:37","slug":"contact","status":"publish","type":"page","link":"https:\/\/visitegilsstadir.is\/en\/contact\/","title":{"rendered":"Contact"},"content":{"rendered":"<div id=\"fb-root\"><\/div>\n<p>[et_pb_section fb_built=&#8221;1&#8243; fullwidth=&#8221;on&#8221; _builder_version=&#8221;4.4.0&#8243; custom_padding=&#8221;0px|||||&#8221; hover_enabled=&#8221;0&#8243;][et_pb_fullwidth_header title=&#8221;Contact us&#8221; text_orientation=&#8221;center&#8221; _builder_version=&#8221;4.4.0&#8243; title_font_size=&#8221;50px&#8221; title_letter_spacing=&#8221;5px&#8221; title_line_height=&#8221;1.2em&#8221; background_image=&#8221;https:\/\/visitegilsstadir.is\/wp-content\/uploads\/2020\/04\/waterfall_circle5.jpg&#8221; custom_padding=&#8221;183px||222px|||&#8221; hover_enabled=&#8221;0&#8243;][\/et_pb_fullwidth_header][\/et_pb_section][et_pb_section fb_built=&#8221;1&#8243; _builder_version=&#8221;4.4.0&#8243;][et_pb_row _builder_version=&#8221;4.4.0&#8243;][et_pb_column type=&#8221;4_4&#8243; _builder_version=&#8221;4.4.0&#8243;][et_pb_text _builder_version=&#8221;4.4.0&#8243; hover_enabled=&#8221;0&#8243;]<\/p>\n<p>Write to us:<\/p>\n<p><strong><a href=\"mailto:info@visitegilsstadir.is\">info@visitegilsstadir.is<\/a><\/strong>:<\/p>\n<p>[\/et_pb_text][\/et_pb_column][\/et_pb_row][\/et_pb_section]<\/p>\n","protected":false},"excerpt":{"rendered":"<p>Write to us: info@visitegilsstadir.is:<\/p>\n","protected":false},"author":3,"featured_media":0,"parent":0,"menu_order":0,"comment_status":"closed","ping_status":"closed","template":"","meta":{"_et_pb_use_builder":"on","_et_pb_old_content":"","_et_gb_content_width":"","footnotes":""},"class_list":["post-2211","page","type-page","status-publish","hentry"],"yoast_head":"<!-- This site is optimized with the Yoast SEO plugin v20.9 - https:\/\/yoast.com\/wordpress\/plugins\/seo\/ -->\n<title>Contact - Visitegilsstadir<\/title>\n<meta name=\"robots\" content=\"index, follow, max-snippet:-1, max-image-preview:large, max-video-preview:-1\" \/>\n<link rel=\"canonical\" href=\"https:\/\/visitegilsstadir.is\/en\/contact\/\" \/>\n<meta property=\"og:locale\" content=\"en_US\" \/>\n<meta property=\"og:type\" content=\"article\" \/>\n<meta property=\"og:title\" content=\"Contact - Visitegilsstadir\" \/>\n<meta property=\"og:description\" content=\"Write to us: info@visitegilsstadir.is:\" \/>\n<meta property=\"og:url\" content=\"https:\/\/visitegilsstadir.is\/en\/contact\/\" \/>\n<meta property=\"og:site_name\" content=\"Visitegilsstadir\" \/>\n<meta property=\"article:publisher\" content=\"https:\/\/www.facebook.com\/visitegilsstadir\/\" \/>\n<meta property=\"article:modified_time\" content=\"2020-05-11T08:21:37+00:00\" \/>\n<meta property=\"og:image\" content=\"https:\/\/visitegilsstadir.is\/wp-content\/uploads\/2020\/05\/visitegilsstadir-slaid1.jpg\" \/>\n\t<meta property=\"og:image:width\" content=\"2000\" \/>\n\t<meta property=\"og:image:height\" content=\"1500\" \/>\n\t<meta property=\"og:image:type\" content=\"image\/jpeg\" \/>\n<meta name=\"twitter:card\" content=\"summary_large_image\" \/>\n<meta name=\"twitter:label1\" content=\"Est. reading time\" \/>\n\t<meta name=\"twitter:data1\" content=\"1 minute\" \/>\n<script type=\"application\/ld+json\" class=\"yoast-schema-graph\">{\"@context\":\"https:\/\/schema.org\",\"@graph\":[{\"@type\":\"WebPage\",\"@id\":\"https:\/\/visitegilsstadir.is\/en\/contact\/\",\"url\":\"https:\/\/visitegilsstadir.is\/en\/contact\/\",\"name\":\"Contact - Visitegilsstadir\",\"isPartOf\":{\"@id\":\"https:\/\/visitegilsstadir.is\/en\/#website\"},\"datePublished\":\"2020-05-11T08:21:33+00:00\",\"dateModified\":\"2020-05-11T08:21:37+00:00\",\"breadcrumb\":{\"@id\":\"https:\/\/visitegilsstadir.is\/en\/contact\/#breadcrumb\"},\"inLanguage\":\"en-US\",\"potentialAction\":[{\"@type\":\"ReadAction\",\"target\":[\"https:\/\/visitegilsstadir.is\/en\/contact\/\"]}]},{\"@type\":\"BreadcrumbList\",\"@id\":\"https:\/\/visitegilsstadir.is\/en\/contact\/#breadcrumb\",\"itemListElement\":[{\"@type\":\"ListItem\",\"position\":1,\"name\":\"Home\",\"item\":\"https:\/\/visitegilsstadir.is\/en\/\"},{\"@type\":\"ListItem\",\"position\":2,\"name\":\"Contact\"}]},{\"@type\":\"WebSite\",\"@id\":\"https:\/\/visitegilsstadir.is\/en\/#website\",\"url\":\"https:\/\/visitegilsstadir.is\/en\/\",\"name\":\"Visitegilsstadir\",\"description\":\"Veri\u00f0 velkomin \u00e1 Flj\u00f3tsdalsh\u00e9ra\u00f0. \u00c1 \u00feessari heimas\u00ed\u00f0u finnur \u00fe\u00fa uppl\u00fdsingar um af\u00fereyingu, \u00e1hugaver\u00f0a sta\u00f0i, vi\u00f0bur\u00f0i, verslun og \u00fej\u00f3nustu \u00e1 sv\u00e6\u00f0inu\",\"publisher\":{\"@id\":\"https:\/\/visitegilsstadir.is\/en\/#organization\"},\"potentialAction\":[{\"@type\":\"SearchAction\",\"target\":{\"@type\":\"EntryPoint\",\"urlTemplate\":\"https:\/\/visitegilsstadir.is\/en\/?s={search_term_string}\"},\"query-input\":\"required name=search_term_string\"}],\"inLanguage\":\"en-US\"},{\"@type\":\"Organization\",\"@id\":\"https:\/\/visitegilsstadir.is\/en\/#organization\",\"name\":\"Visitegilsstadir\",\"url\":\"https:\/\/visitegilsstadir.is\/en\/\",\"logo\":{\"@type\":\"ImageObject\",\"inLanguage\":\"en-US\",\"@id\":\"https:\/\/visitegilsstadir.is\/en\/#\/schema\/logo\/image\/\",\"url\":\"https:\/\/visitegilsstadir.is\/wp-content\/uploads\/2020\/04\/VisitEgs_logo_hvitt-002.png\",\"contentUrl\":\"https:\/\/visitegilsstadir.is\/wp-content\/uploads\/2020\/04\/VisitEgs_logo_hvitt-002.png\",\"width\":2983,\"height\":1834,\"caption\":\"Visitegilsstadir\"},\"image\":{\"@id\":\"https:\/\/visitegilsstadir.is\/en\/#\/schema\/logo\/image\/\"},\"sameAs\":[\"https:\/\/www.facebook.com\/visitegilsstadir\/\",\"https:\/\/www.instagram.com\/visitegilsstadir\/\"]}]}<\/script>\n<!-- \/ Yoast SEO plugin. -->","yoast_head_json":{"title":"Contact - Visitegilsstadir","robots":{"index":"index","follow":"follow","max-snippet":"max-snippet:-1","max-image-preview":"max-image-preview:large","max-video-preview":"max-video-preview:-1"},"canonical":"https:\/\/visitegilsstadir.is\/en\/contact\/","og_locale":"en_US","og_type":"article","og_title":"Contact - Visitegilsstadir","og_description":"Write to us: info@visitegilsstadir.is:","og_url":"https:\/\/visitegilsstadir.is\/en\/contact\/","og_site_name":"Visitegilsstadir","article_publisher":"https:\/\/www.facebook.com\/visitegilsstadir\/","article_modified_time":"2020-05-11T08:21:37+00:00","og_image":[{"width":2000,"height":1500,"url":"https:\/\/visitegilsstadir.is\/wp-content\/uploads\/2020\/05\/visitegilsstadir-slaid1.jpg","type":"image\/jpeg"}],"twitter_card":"summary_large_image","twitter_misc":{"Est. reading time":"1 minute"},"schema":{"@context":"https:\/\/schema.org","@graph":[{"@type":"WebPage","@id":"https:\/\/visitegilsstadir.is\/en\/contact\/","url":"https:\/\/visitegilsstadir.is\/en\/contact\/","name":"Contact - Visitegilsstadir","isPartOf":{"@id":"https:\/\/visitegilsstadir.is\/en\/#website"},"datePublished":"2020-05-11T08:21:33+00:00","dateModified":"2020-05-11T08:21:37+00:00","breadcrumb":{"@id":"https:\/\/visitegilsstadir.is\/en\/contact\/#breadcrumb"},"inLanguage":"en-US","potentialAction":[{"@type":"ReadAction","target":["https:\/\/visitegilsstadir.is\/en\/contact\/"]}]},{"@type":"BreadcrumbList","@id":"https:\/\/visitegilsstadir.is\/en\/contact\/#breadcrumb","itemListElement":[{"@type":"ListItem","position":1,"name":"Home","item":"https:\/\/visitegilsstadir.is\/en\/"},{"@type":"ListItem","position":2,"name":"Contact"}]},{"@type":"WebSite","@id":"https:\/\/visitegilsstadir.is\/en\/#website","url":"https:\/\/visitegilsstadir.is\/en\/","name":"Visitegilsstadir","description":"Veri\u00f0 velkomin \u00e1 Flj\u00f3tsdalsh\u00e9ra\u00f0. \u00c1 \u00feessari heimas\u00ed\u00f0u finnur \u00fe\u00fa uppl\u00fdsingar um af\u00fereyingu, \u00e1hugaver\u00f0a sta\u00f0i, vi\u00f0bur\u00f0i, verslun og \u00fej\u00f3nustu \u00e1 sv\u00e6\u00f0inu","publisher":{"@id":"https:\/\/visitegilsstadir.is\/en\/#organization"},"potentialAction":[{"@type":"SearchAction","target":{"@type":"EntryPoint","urlTemplate":"https:\/\/visitegilsstadir.is\/en\/?s={search_term_string}"},"query-input":"required name=search_term_string"}],"inLanguage":"en-US"},{"@type":"Organization","@id":"https:\/\/visitegilsstadir.is\/en\/#organization","name":"Visitegilsstadir","url":"https:\/\/visitegilsstadir.is\/en\/","logo":{"@type":"ImageObject","inLanguage":"en-US","@id":"https:\/\/visitegilsstadir.is\/en\/#\/schema\/logo\/image\/","url":"https:\/\/visitegilsstadir.is\/wp-content\/uploads\/2020\/04\/VisitEgs_logo_hvitt-002.png","contentUrl":"https:\/\/visitegilsstadir.is\/wp-content\/uploads\/2020\/04\/VisitEgs_logo_hvitt-002.png","width":2983,"height":1834,"caption":"Visitegilsstadir"},"image":{"@id":"https:\/\/visitegilsstadir.is\/en\/#\/schema\/logo\/image\/"},"sameAs":["https:\/\/www.facebook.com\/visitegilsstadir\/","https:\/\/www.instagram.com\/visitegilsstadir\/"]}]}},"_links":{"self":[{"href":"https:\/\/visitegilsstadir.is\/en\/wp-json\/wp\/v2\/pages\/2211","targetHints":{"allow":["GET"]}}],"collection":[{"href":"https:\/\/visitegilsstadir.is\/en\/wp-json\/wp\/v2\/pages"}],"about":[{"href":"https:\/\/visitegilsstadir.is\/en\/wp-json\/wp\/v2\/types\/page"}],"author":[{"embeddable":true,"href":"https:\/\/visitegilsstadir.is\/en\/wp-json\/wp\/v2\/users\/3"}],"replies":[{"embeddable":true,"href":"https:\/\/visitegilsstadir.is\/en\/wp-json\/wp\/v2\/comments?post=2211"}],"version-history":[{"count":3,"href":"https:\/\/visitegilsstadir.is\/en\/wp-json\/wp\/v2\/pages\/2211\/revisions"}],"predecessor-version":[{"id":2215,"href":"https:\/\/visitegilsstadir.is\/en\/wp-json\/wp\/v2\/pages\/2211\/revisions\/2215"}],"wp:attachment":[{"href":"https:\/\/visitegilsstadir.is\/en\/wp-json\/wp\/v2\/media?parent=2211"}],"curies":[{"name":"wp","href":"https:\/\/api.w.org\/{rel}","templated":true}]}}